{"id":8387,"date":"2019-05-31T12:46:32","date_gmt":"2019-05-31T10:46:32","guid":{"rendered":"http:\/\/casinowings.com\/devde\/?page_id=8387"},"modified":"2020-11-20T13:50:17","modified_gmt":"2020-11-20T12:50:17","slug":"faq","status":"publish","type":"page","link":"https:\/\/www.casinowings.com\/de\/guide\/faq\/","title":{"rendered":"FAQ"},"content":{"rendered":"","protected":false},"excerpt":{"rendered":"","protected":false},"author":2,"featured_media":0,"parent":8463,"menu_order":0,"comment_status":"closed","ping_status":"closed","template":"","meta":{"_seopress_robots_primary_cat":"","_seopress_titles_title":"H\u00e4ufig gestellte Fragen zum Thema Online-Casinos, mit Antworten","_seopress_titles_desc":"Hier finden Sie einige h\u00e4ufig gestellte Fragen rund um das Thema Online-Casino und Casinospiele, sowie unsere informativen Antworten und Erkl\u00e4rungen dazu. ","_seopress_robots_index":"","footnotes":""},"acf":[],"_links":{"self":[{"href":"https:\/\/www.casinowings.com\/de\/wp-json\/wp\/v2\/pages\/8387"}],"collection":[{"href":"https:\/\/www.casinowings.com\/de\/wp-json\/wp\/v2\/pages"}],"about":[{"href":"https:\/\/www.casinowings.com\/de\/wp-json\/wp\/v2\/types\/page"}],"author":[{"embeddable":true,"href":"https:\/\/www.casinowings.com\/de\/wp-json\/wp\/v2\/users\/2"}],"replies":[{"embeddable":true,"href":"https:\/\/www.casinowings.com\/de\/wp-json\/wp\/v2\/comments?post=8387"}],"version-history":[{"count":1,"href":"https:\/\/www.casinowings.com\/de\/wp-json\/wp\/v2\/pages\/8387\/revisions"}],"predecessor-version":[{"id":8392,"href":"https:\/\/www.casinowings.com\/de\/wp-json\/wp\/v2\/pages\/8387\/revisions\/8392"}],"up":[{"embeddable":true,"href":"https:\/\/www.casinowings.com\/de\/wp-json\/wp\/v2\/pages\/8463"}],"wp:attachment":[{"href":"https:\/\/www.casinowings.com\/de\/wp-json\/wp\/v2\/media?parent=8387"}],"curies":[{"name":"wp","href":"https:\/\/api.w.org\/{rel}","templated":true}]}}