{"id":8421,"date":"2019-05-31T13:02:24","date_gmt":"2019-05-31T11:02:24","guid":{"rendered":"http:\/\/casinowings.com\/devde\/?page_id=8421"},"modified":"2020-11-20T13:51:23","modified_gmt":"2020-11-20T12:51:23","slug":"volatilitaet","status":"publish","type":"page","link":"https:\/\/www.casinowings.com\/de\/guide\/volatilitaet\/","title":{"rendered":"Volatilit\u00e4t"},"content":{"rendered":"","protected":false},"excerpt":{"rendered":"","protected":false},"author":2,"featured_media":0,"parent":8463,"menu_order":0,"comment_status":"closed","ping_status":"closed","template":"","meta":{"_seopress_robots_primary_cat":"","_seopress_titles_title":"Volatilit\u00e4t und Varianz bei Slots im Online-Casino","_seopress_titles_desc":"Volatilit\u00e4t und Varianz bestimmen die Gewinnverteilung bei den Slots und Spielen im Casino. Wir erkl\u00e4ren was diese Faktoren f\u00fcr das Spiel an den Slots bedeuten.","_seopress_robots_index":"","footnotes":""},"acf":[],"_links":{"self":[{"href":"https:\/\/www.casinowings.com\/de\/wp-json\/wp\/v2\/pages\/8421"}],"collection":[{"href":"https:\/\/www.casinowings.com\/de\/wp-json\/wp\/v2\/pages"}],"about":[{"href":"https:\/\/www.casinowings.com\/de\/wp-json\/wp\/v2\/types\/page"}],"author":[{"embeddable":true,"href":"https:\/\/www.casinowings.com\/de\/wp-json\/wp\/v2\/users\/2"}],"replies":[{"embeddable":true,"href":"https:\/\/www.casinowings.com\/de\/wp-json\/wp\/v2\/comments?post=8421"}],"version-history":[{"count":1,"href":"https:\/\/www.casinowings.com\/de\/wp-json\/wp\/v2\/pages\/8421\/revisions"}],"predecessor-version":[{"id":8426,"href":"https:\/\/www.casinowings.com\/de\/wp-json\/wp\/v2\/pages\/8421\/revisions\/8426"}],"up":[{"embeddable":true,"href":"https:\/\/www.casinowings.com\/de\/wp-json\/wp\/v2\/pages\/8463"}],"wp:attachment":[{"href":"https:\/\/www.casinowings.com\/de\/wp-json\/wp\/v2\/media?parent=8421"}],"curies":[{"name":"wp","href":"https:\/\/api.w.org\/{rel}","templated":true}]}}