{"id":8434,"date":"2019-05-31T13:08:07","date_gmt":"2019-05-31T11:08:07","guid":{"rendered":"http:\/\/casinowings.com\/devde\/?page_id=8434"},"modified":"2020-11-20T13:50:23","modified_gmt":"2020-11-20T12:50:23","slug":"gewinnwahrscheinlichkeit-und-ausschuettungsquote","status":"publish","type":"page","link":"https:\/\/www.casinowings.com\/de\/guide\/gewinnwahrscheinlichkeit-und-ausschuettungsquote\/","title":{"rendered":"Gewinnwahrscheinlichkeit und Aussch\u00fcttungsquote"},"content":{"rendered":"","protected":false},"excerpt":{"rendered":"","protected":false},"author":2,"featured_media":0,"parent":8463,"menu_order":0,"comment_status":"closed","ping_status":"closed","template":"","meta":{"_seopress_robots_primary_cat":"","_seopress_titles_title":"Gewinnwahrscheinlichkeit und Aussch\u00fcttungsquoten in Online-Casino","_seopress_titles_desc":"Hier geht es um die Gewinnwahrscheinlichkeit und Aussch\u00fcttungsquoten bei den Tischspielen und Slots im Online-Casino und was sie f\u00fcr das Spielen bedeuten","_seopress_robots_index":"","footnotes":""},"acf":[],"_links":{"self":[{"href":"https:\/\/www.casinowings.com\/de\/wp-json\/wp\/v2\/pages\/8434"}],"collection":[{"href":"https:\/\/www.casinowings.com\/de\/wp-json\/wp\/v2\/pages"}],"about":[{"href":"https:\/\/www.casinowings.com\/de\/wp-json\/wp\/v2\/types\/page"}],"author":[{"embeddable":true,"href":"https:\/\/www.casinowings.com\/de\/wp-json\/wp\/v2\/users\/2"}],"replies":[{"embeddable":true,"href":"https:\/\/www.casinowings.com\/de\/wp-json\/wp\/v2\/comments?post=8434"}],"version-history":[{"count":7,"href":"https:\/\/www.casinowings.com\/de\/wp-json\/wp\/v2\/pages\/8434\/revisions"}],"predecessor-version":[{"id":9825,"href":"https:\/\/www.casinowings.com\/de\/wp-json\/wp\/v2\/pages\/8434\/revisions\/9825"}],"up":[{"embeddable":true,"href":"https:\/\/www.casinowings.com\/de\/wp-json\/wp\/v2\/pages\/8463"}],"wp:attachment":[{"href":"https:\/\/www.casinowings.com\/de\/wp-json\/wp\/v2\/media?parent=8434"}],"curies":[{"name":"wp","href":"https:\/\/api.w.org\/{rel}","templated":true}]}}