{"id":9504,"date":"2019-11-15T11:45:26","date_gmt":"2019-11-15T10:45:26","guid":{"rendered":"https:\/\/www.casinowings.com\/de\/?page_id=9504"},"modified":"2020-12-07T19:34:59","modified_gmt":"2020-12-07T18:34:59","slug":"wettanbieter","status":"publish","type":"page","link":"https:\/\/www.casinowings.com\/de\/wettanbieter\/","title":{"rendered":"Wettanbieter"},"content":{"rendered":"","protected":false},"excerpt":{"rendered":"","protected":false},"author":2,"featured_media":0,"parent":0,"menu_order":0,"comment_status":"closed","ping_status":"closed","template":"","meta":{"_seopress_robots_primary_cat":"","_seopress_titles_title":"Wettanbieter Vergleich f\u00fcr Sportwetten von CasinoWings","_seopress_titles_desc":"Der Wettanbieter Vergleich bietet Ihnen einen aktuellen \u00dcberblick und viele Informationen \u00fcber die besten Anbieter von Sportwetten im Internet.","_seopress_robots_index":"","footnotes":""},"acf":[],"_links":{"self":[{"href":"https:\/\/www.casinowings.com\/de\/wp-json\/wp\/v2\/pages\/9504"}],"collection":[{"href":"https:\/\/www.casinowings.com\/de\/wp-json\/wp\/v2\/pages"}],"about":[{"href":"https:\/\/www.casinowings.com\/de\/wp-json\/wp\/v2\/types\/page"}],"author":[{"embeddable":true,"href":"https:\/\/www.casinowings.com\/de\/wp-json\/wp\/v2\/users\/2"}],"replies":[{"embeddable":true,"href":"https:\/\/www.casinowings.com\/de\/wp-json\/wp\/v2\/comments?post=9504"}],"version-history":[{"count":12,"href":"https:\/\/www.casinowings.com\/de\/wp-json\/wp\/v2\/pages\/9504\/revisions"}],"predecessor-version":[{"id":10135,"href":"https:\/\/www.casinowings.com\/de\/wp-json\/wp\/v2\/pages\/9504\/revisions\/10135"}],"wp:attachment":[{"href":"https:\/\/www.casinowings.com\/de\/wp-json\/wp\/v2\/media?parent=9504"}],"curies":[{"name":"wp","href":"https:\/\/api.w.org\/{rel}","templated":true}]}}