{"id":20197,"date":"2020-11-08T23:58:02","date_gmt":"2020-11-08T22:58:02","guid":{"rendered":"https:\/\/www.casinowings.com\/fi\/?page_id=20197"},"modified":"2022-04-27T14:08:07","modified_gmt":"2022-04-27T13:08:07","slug":"zimpler-kasinot","status":"publish","type":"page","link":"https:\/\/www.casinowings.com\/fi\/zimpler-kasinot\/","title":{"rendered":"Zimpler kasinot"},"content":{"rendered":"","protected":false},"excerpt":{"rendered":"","protected":false},"author":2,"featured_media":0,"parent":0,"menu_order":0,"comment_status":"closed","ping_status":"closed","template":"","meta":{"_acf_changed":false,"_seopress_robots_primary_cat":"","_seopress_titles_title":"Zimpler kasinot | Nopeat ja turvalliset maksut kasinoille","_seopress_titles_desc":"Zimpler kasinot tarjoavat mahdollisuuden tallettaa kasinoille sujuvammin ja turvallisemmin kuin useimmat muut menetelm\u00e4t. Lue lis\u00e4\u00e4 t\u00e4\u00e4lt\u00e4!","_seopress_robots_index":"","footnotes":""},"acf":[],"_links":{"self":[{"href":"https:\/\/www.casinowings.com\/fi\/wp-json\/wp\/v2\/pages\/20197"}],"collection":[{"href":"https:\/\/www.casinowings.com\/fi\/wp-json\/wp\/v2\/pages"}],"about":[{"href":"https:\/\/www.casinowings.com\/fi\/wp-json\/wp\/v2\/types\/page"}],"author":[{"embeddable":true,"href":"https:\/\/www.casinowings.com\/fi\/wp-json\/wp\/v2\/users\/2"}],"replies":[{"embeddable":true,"href":"https:\/\/www.casinowings.com\/fi\/wp-json\/wp\/v2\/comments?post=20197"}],"version-history":[{"count":25,"href":"https:\/\/www.casinowings.com\/fi\/wp-json\/wp\/v2\/pages\/20197\/revisions"}],"predecessor-version":[{"id":21141,"href":"https:\/\/www.casinowings.com\/fi\/wp-json\/wp\/v2\/pages\/20197\/revisions\/21141"}],"wp:attachment":[{"href":"https:\/\/www.casinowings.com\/fi\/wp-json\/wp\/v2\/media?parent=20197"}],"curies":[{"name":"wp","href":"https:\/\/api.w.org\/{rel}","templated":true}]}}