{"id":401,"date":"2019-05-14T12:32:17","date_gmt":"2019-05-14T11:32:17","guid":{"rendered":"https:\/\/www.casinowings.com\/fi\/?page_id=401"},"modified":"2023-09-11T15:53:12","modified_gmt":"2023-09-11T14:53:12","slug":"home","status":"publish","type":"page","link":"https:\/\/www.casinowings.com\/fi\/","title":{"rendered":"Nettikasinot"},"content":{"rendered":"","protected":false},"excerpt":{"rendered":"","protected":false},"author":2,"featured_media":9578,"parent":0,"menu_order":0,"comment_status":"closed","ping_status":"closed","template":"","meta":{"_acf_changed":false,"_seopress_robots_primary_cat":"","_seopress_titles_title":"Nettikasinot \u2013 Suomalaiset kaikista parhaat nettikasinot 2022","_seopress_titles_desc":"Casino Wings esittelee nettikasinot, niiden bonustarjoukset, pelivalikoimat, maksupalvelut ja paljon muuta. Parhaat tarjoukset ja edut l\u00f6ytyv\u00e4t siis t\u00e4\u00e4lt\u00e4!","_seopress_robots_index":"","footnotes":""},"acf":[],"_links":{"self":[{"href":"https:\/\/www.casinowings.com\/fi\/wp-json\/wp\/v2\/pages\/401"}],"collection":[{"href":"https:\/\/www.casinowings.com\/fi\/wp-json\/wp\/v2\/pages"}],"about":[{"href":"https:\/\/www.casinowings.com\/fi\/wp-json\/wp\/v2\/types\/page"}],"author":[{"embeddable":true,"href":"https:\/\/www.casinowings.com\/fi\/wp-json\/wp\/v2\/users\/2"}],"replies":[{"embeddable":true,"href":"https:\/\/www.casinowings.com\/fi\/wp-json\/wp\/v2\/comments?post=401"}],"version-history":[{"count":65,"href":"https:\/\/www.casinowings.com\/fi\/wp-json\/wp\/v2\/pages\/401\/revisions"}],"predecessor-version":[{"id":27232,"href":"https:\/\/www.casinowings.com\/fi\/wp-json\/wp\/v2\/pages\/401\/revisions\/27232"}],"wp:featuredmedia":[{"embeddable":true,"href":"https:\/\/www.casinowings.com\/fi\/wp-json\/wp\/v2\/media\/9578"}],"wp:attachment":[{"href":"https:\/\/www.casinowings.com\/fi\/wp-json\/wp\/v2\/media?parent=401"}],"curies":[{"name":"wp","href":"https:\/\/api.w.org\/{rel}","templated":true}]}}