{"id":8489,"date":"2018-07-27T15:43:33","date_gmt":"2018-07-27T14:43:33","guid":{"rendered":"https:\/\/www.casinowings.com\/fi\/?page_id=8489"},"modified":"2022-04-27T14:08:06","modified_gmt":"2022-04-27T13:08:06","slug":"test-2","status":"publish","type":"page","link":"https:\/\/www.casinowings.com\/fi\/veikkausbonukset\/","title":{"rendered":"Veikkausbonukset"},"content":{"rendered":"","protected":false},"excerpt":{"rendered":"","protected":false},"author":2,"featured_media":0,"parent":0,"menu_order":0,"comment_status":"closed","ping_status":"closed","template":"","meta":{"_acf_changed":false,"_seopress_robots_primary_cat":"","_seopress_titles_title":"Veikkausbonukset | Parhaat kertoimet ja sivustot 2019!","_seopress_titles_desc":"L\u00f6yd\u00e4 t\u00e4m\u00e4n hetken parhaat veikkausbonukset Casino Wingsin kautta! Listaamme parhaat tarjoukset, bonukset, sivustot, kertoimet ja muuta hy\u00f6dyllist\u00e4. Lue lis\u00e4\u00e4!","_seopress_robots_index":"","footnotes":""},"acf":[],"_links":{"self":[{"href":"https:\/\/www.casinowings.com\/fi\/wp-json\/wp\/v2\/pages\/8489"}],"collection":[{"href":"https:\/\/www.casinowings.com\/fi\/wp-json\/wp\/v2\/pages"}],"about":[{"href":"https:\/\/www.casinowings.com\/fi\/wp-json\/wp\/v2\/types\/page"}],"author":[{"embeddable":true,"href":"https:\/\/www.casinowings.com\/fi\/wp-json\/wp\/v2\/users\/2"}],"replies":[{"embeddable":true,"href":"https:\/\/www.casinowings.com\/fi\/wp-json\/wp\/v2\/comments?post=8489"}],"version-history":[{"count":8,"href":"https:\/\/www.casinowings.com\/fi\/wp-json\/wp\/v2\/pages\/8489\/revisions"}],"predecessor-version":[{"id":24657,"href":"https:\/\/www.casinowings.com\/fi\/wp-json\/wp\/v2\/pages\/8489\/revisions\/24657"}],"wp:attachment":[{"href":"https:\/\/www.casinowings.com\/fi\/wp-json\/wp\/v2\/media?parent=8489"}],"curies":[{"name":"wp","href":"https:\/\/api.w.org\/{rel}","templated":true}]}}