{"id":8501,"date":"2017-08-27T21:33:06","date_gmt":"2017-08-27T20:33:06","guid":{"rendered":"https:\/\/www.casinowings.com\/fi\/?page_id=8501"},"modified":"2025-08-07T11:21:03","modified_gmt":"2025-08-07T10:21:03","slug":"uudet-nettikasinot-1","status":"publish","type":"page","link":"https:\/\/www.casinowings.com\/fi\/uudet-nettikasinot\/","title":{"rendered":"Uudet nettikasinot"},"content":{"rendered":"","protected":false},"excerpt":{"rendered":"","protected":false},"author":2,"featured_media":15042,"parent":0,"menu_order":0,"comment_status":"closed","ping_status":"closed","template":"","meta":{"_acf_changed":false,"_seopress_robots_primary_cat":"","_seopress_titles_title":"Uudet nettikasinot %%currentyear%% - L\u00f6yd\u00e4 vuoden parhaat uutuuskasinot","_seopress_titles_desc":"Uudet nettikasinot 2022 selke\u00e4sti listattuina. L\u00f6yd\u00e4 parhaat uudet tervetuliaispaketit ja muut kasinobonukset, sek\u00e4 uudet sivustot!","_seopress_robots_index":"","footnotes":""},"acf":[],"_links":{"self":[{"href":"https:\/\/www.casinowings.com\/fi\/wp-json\/wp\/v2\/pages\/8501"}],"collection":[{"href":"https:\/\/www.casinowings.com\/fi\/wp-json\/wp\/v2\/pages"}],"about":[{"href":"https:\/\/www.casinowings.com\/fi\/wp-json\/wp\/v2\/types\/page"}],"author":[{"embeddable":true,"href":"https:\/\/www.casinowings.com\/fi\/wp-json\/wp\/v2\/users\/2"}],"replies":[{"embeddable":true,"href":"https:\/\/www.casinowings.com\/fi\/wp-json\/wp\/v2\/comments?post=8501"}],"version-history":[{"count":36,"href":"https:\/\/www.casinowings.com\/fi\/wp-json\/wp\/v2\/pages\/8501\/revisions"}],"predecessor-version":[{"id":30772,"href":"https:\/\/www.casinowings.com\/fi\/wp-json\/wp\/v2\/pages\/8501\/revisions\/30772"}],"wp:featuredmedia":[{"embeddable":true,"href":"https:\/\/www.casinowings.com\/fi\/wp-json\/wp\/v2\/media\/15042"}],"wp:attachment":[{"href":"https:\/\/www.casinowings.com\/fi\/wp-json\/wp\/v2\/media?parent=8501"}],"curies":[{"name":"wp","href":"https:\/\/api.w.org\/{rel}","templated":true}]}}