{"id":8540,"date":"2017-09-04T21:02:17","date_gmt":"2017-09-04T20:02:17","guid":{"rendered":"https:\/\/www.casinowings.com\/fi\/?page_id=8540"},"modified":"2022-04-27T14:07:44","modified_gmt":"2022-04-27T13:07:44","slug":"test-3","status":"publish","type":"page","link":"https:\/\/www.casinowings.com\/fi\/talletusbonus\/","title":{"rendered":"Talletusbonus"},"content":{"rendered":"","protected":false},"excerpt":{"rendered":"","protected":false},"author":2,"featured_media":15040,"parent":0,"menu_order":0,"comment_status":"closed","ping_status":"closed","template":"","meta":{"_acf_changed":false,"_seopress_robots_primary_cat":"","_seopress_titles_title":"Talletusbonus hakusessa? T\u00e4\u00e4lt\u00e4 jopa 3 000 \u20ac tervetuliaispaketti!","_seopress_titles_desc":"Talletusbonus on aina kasinopelaajien kiikarissa. L\u00f6yd\u00e4t t\u00e4\u00e4lt\u00e4 kaikki t\u00e4m\u00e4n hetken parhaat nettikasinot ja bonuspaketit sek\u00e4 ilmaiskierrokset!","_seopress_robots_index":"","footnotes":""},"acf":[],"_links":{"self":[{"href":"https:\/\/www.casinowings.com\/fi\/wp-json\/wp\/v2\/pages\/8540"}],"collection":[{"href":"https:\/\/www.casinowings.com\/fi\/wp-json\/wp\/v2\/pages"}],"about":[{"href":"https:\/\/www.casinowings.com\/fi\/wp-json\/wp\/v2\/types\/page"}],"author":[{"embeddable":true,"href":"https:\/\/www.casinowings.com\/fi\/wp-json\/wp\/v2\/users\/2"}],"replies":[{"embeddable":true,"href":"https:\/\/www.casinowings.com\/fi\/wp-json\/wp\/v2\/comments?post=8540"}],"version-history":[{"count":9,"href":"https:\/\/www.casinowings.com\/fi\/wp-json\/wp\/v2\/pages\/8540\/revisions"}],"predecessor-version":[{"id":15041,"href":"https:\/\/www.casinowings.com\/fi\/wp-json\/wp\/v2\/pages\/8540\/revisions\/15041"}],"wp:featuredmedia":[{"embeddable":true,"href":"https:\/\/www.casinowings.com\/fi\/wp-json\/wp\/v2\/media\/15040"}],"wp:attachment":[{"href":"https:\/\/www.casinowings.com\/fi\/wp-json\/wp\/v2\/media?parent=8540"}],"curies":[{"name":"wp","href":"https:\/\/api.w.org\/{rel}","templated":true}]}}