{"id":8559,"date":"2019-06-04T09:38:30","date_gmt":"2019-06-04T08:38:30","guid":{"rendered":"https:\/\/www.casinowings.com\/fi\/?page_id=8559"},"modified":"2022-12-21T11:12:31","modified_gmt":"2022-12-21T10:12:31","slug":"test-4","status":"publish","type":"page","link":"https:\/\/www.casinowings.com\/fi\/bitcoin-kasinot\/","title":{"rendered":"Bitcoin kasinot"},"content":{"rendered":"","protected":false},"excerpt":{"rendered":"","protected":false},"author":2,"featured_media":0,"parent":0,"menu_order":0,"comment_status":"closed","ping_status":"closed","template":"","meta":{"_acf_changed":false,"_seopress_robots_primary_cat":"","_seopress_titles_title":"Bitcoin kasinot: Kaikista parhaat Bitcoin-talletuksia hyv\u00e4ksyv\u00e4t kasinot!","_seopress_titles_desc":"Bitcoin kasinot ovat nettikasinoita, jotka hyv\u00e4ksyv\u00e4t talletuksia kryptovaluutalla Bitcoin. L\u00f6yd\u00e4 kaikki parhaat nettikasinot ja tarjoukset t\u00e4\u00e4lt\u00e4.","_seopress_robots_index":"","footnotes":""},"acf":[],"_links":{"self":[{"href":"https:\/\/www.casinowings.com\/fi\/wp-json\/wp\/v2\/pages\/8559"}],"collection":[{"href":"https:\/\/www.casinowings.com\/fi\/wp-json\/wp\/v2\/pages"}],"about":[{"href":"https:\/\/www.casinowings.com\/fi\/wp-json\/wp\/v2\/types\/page"}],"author":[{"embeddable":true,"href":"https:\/\/www.casinowings.com\/fi\/wp-json\/wp\/v2\/users\/2"}],"replies":[{"embeddable":true,"href":"https:\/\/www.casinowings.com\/fi\/wp-json\/wp\/v2\/comments?post=8559"}],"version-history":[{"count":15,"href":"https:\/\/www.casinowings.com\/fi\/wp-json\/wp\/v2\/pages\/8559\/revisions"}],"predecessor-version":[{"id":25932,"href":"https:\/\/www.casinowings.com\/fi\/wp-json\/wp\/v2\/pages\/8559\/revisions\/25932"}],"wp:attachment":[{"href":"https:\/\/www.casinowings.com\/fi\/wp-json\/wp\/v2\/media?parent=8559"}],"curies":[{"name":"wp","href":"https:\/\/api.w.org\/{rel}","templated":true}]}}