{"id":8573,"date":"2019-06-04T09:45:27","date_gmt":"2019-06-04T08:45:27","guid":{"rendered":"https:\/\/www.casinowings.com\/fi\/?page_id=8573"},"modified":"2022-04-27T14:07:29","modified_gmt":"2022-04-27T13:07:29","slug":"test-5","status":"publish","type":"page","link":"https:\/\/www.casinowings.com\/fi\/blackjack\/","title":{"rendered":"Blackjack"},"content":{"rendered":"","protected":false},"excerpt":{"rendered":"","protected":false},"author":2,"featured_media":0,"parent":0,"menu_order":0,"comment_status":"closed","ping_status":"closed","template":"","meta":{"_acf_changed":false,"_seopress_robots_primary_cat":"","_seopress_titles_title":"Blackjack | L\u00f6yd\u00e4 parhaat blackjackia tarjoavat kasinot!","_seopress_titles_desc":"Listaamme kaikki t\u00e4m\u00e4n vuoden Blackjack-kasinot ja parhaat bonukset, joiden avulla p\u00e4\u00e4set maksimoimaan rahasi blackjack-peleiss\u00e4!","_seopress_robots_index":"","footnotes":""},"acf":[],"_links":{"self":[{"href":"https:\/\/www.casinowings.com\/fi\/wp-json\/wp\/v2\/pages\/8573"}],"collection":[{"href":"https:\/\/www.casinowings.com\/fi\/wp-json\/wp\/v2\/pages"}],"about":[{"href":"https:\/\/www.casinowings.com\/fi\/wp-json\/wp\/v2\/types\/page"}],"author":[{"embeddable":true,"href":"https:\/\/www.casinowings.com\/fi\/wp-json\/wp\/v2\/users\/2"}],"replies":[{"embeddable":true,"href":"https:\/\/www.casinowings.com\/fi\/wp-json\/wp\/v2\/comments?post=8573"}],"version-history":[{"count":6,"href":"https:\/\/www.casinowings.com\/fi\/wp-json\/wp\/v2\/pages\/8573\/revisions"}],"predecessor-version":[{"id":20468,"href":"https:\/\/www.casinowings.com\/fi\/wp-json\/wp\/v2\/pages\/8573\/revisions\/20468"}],"wp:attachment":[{"href":"https:\/\/www.casinowings.com\/fi\/wp-json\/wp\/v2\/media?parent=8573"}],"curies":[{"name":"wp","href":"https:\/\/api.w.org\/{rel}","templated":true}]}}