{"id":8580,"date":"2019-06-04T09:52:35","date_gmt":"2019-06-04T08:52:35","guid":{"rendered":"https:\/\/www.casinowings.com\/fi\/?page_id=8580"},"modified":"2022-08-22T08:54:37","modified_gmt":"2022-08-22T07:54:37","slug":"test-6","status":"publish","type":"page","link":"https:\/\/www.casinowings.com\/fi\/hedelmapelit\/","title":{"rendered":"Hedelm\u00e4pelit"},"content":{"rendered":"","protected":false},"excerpt":{"rendered":"","protected":false},"author":2,"featured_media":0,"parent":0,"menu_order":0,"comment_status":"closed","ping_status":"closed","template":"","meta":{"_acf_changed":false,"_seopress_robots_primary_cat":"","_seopress_titles_title":"Hedelm\u00e4pelit - parhaat pelit, kasinot ja bonustarjoukset t\u00e4\u00e4lt\u00e4!","_seopress_titles_desc":"Hedelm\u00e4pelit ovat jo vuosikymmenien ajan olleet suomalaisten rakastamaa viihdett\u00e4. L\u00f6yd\u00e4 kaikki parhaat hedelm\u00e4pelit, kasinot ja bonustarjoukset t\u00e4\u00e4lt\u00e4!","_seopress_robots_index":"","footnotes":""},"acf":[],"_links":{"self":[{"href":"https:\/\/www.casinowings.com\/fi\/wp-json\/wp\/v2\/pages\/8580"}],"collection":[{"href":"https:\/\/www.casinowings.com\/fi\/wp-json\/wp\/v2\/pages"}],"about":[{"href":"https:\/\/www.casinowings.com\/fi\/wp-json\/wp\/v2\/types\/page"}],"author":[{"embeddable":true,"href":"https:\/\/www.casinowings.com\/fi\/wp-json\/wp\/v2\/users\/2"}],"replies":[{"embeddable":true,"href":"https:\/\/www.casinowings.com\/fi\/wp-json\/wp\/v2\/comments?post=8580"}],"version-history":[{"count":7,"href":"https:\/\/www.casinowings.com\/fi\/wp-json\/wp\/v2\/pages\/8580\/revisions"}],"predecessor-version":[{"id":25391,"href":"https:\/\/www.casinowings.com\/fi\/wp-json\/wp\/v2\/pages\/8580\/revisions\/25391"}],"wp:attachment":[{"href":"https:\/\/www.casinowings.com\/fi\/wp-json\/wp\/v2\/media?parent=8580"}],"curies":[{"name":"wp","href":"https:\/\/api.w.org\/{rel}","templated":true}]}}