{"id":8585,"date":"2019-06-04T09:57:36","date_gmt":"2019-06-04T08:57:36","guid":{"rendered":"https:\/\/www.casinowings.com\/fi\/?page_id=8585"},"modified":"2022-08-22T08:55:18","modified_gmt":"2022-08-22T07:55:18","slug":"test-7","status":"publish","type":"page","link":"https:\/\/www.casinowings.com\/fi\/ilmaiskierrokset\/","title":{"rendered":"Ilmaiskierrokset"},"content":{"rendered":"","protected":false},"excerpt":{"rendered":"","protected":false},"author":2,"featured_media":0,"parent":0,"menu_order":0,"comment_status":"closed","ping_status":"closed","template":"","meta":{"_acf_changed":false,"_seopress_robots_primary_cat":"","_seopress_titles_title":"Ilmaiskierrokset - t\u00e4ysin ilman talletusta &amp; hyvill\u00e4 bonusehdoilla t\u00e4\u00e4lt\u00e4!","_seopress_titles_desc":"Ilmaiskierrokset ovat suomalaisten joukossa suosittu juttu. L\u00f6yd\u00e4 kaikista parhaat ilmaiskierrostarjoukset t\u00e4\u00e4lt\u00e4 ja nauti ilmaisesta pelihetkest\u00e4!","_seopress_robots_index":"","footnotes":""},"acf":[],"_links":{"self":[{"href":"https:\/\/www.casinowings.com\/fi\/wp-json\/wp\/v2\/pages\/8585"}],"collection":[{"href":"https:\/\/www.casinowings.com\/fi\/wp-json\/wp\/v2\/pages"}],"about":[{"href":"https:\/\/www.casinowings.com\/fi\/wp-json\/wp\/v2\/types\/page"}],"author":[{"embeddable":true,"href":"https:\/\/www.casinowings.com\/fi\/wp-json\/wp\/v2\/users\/2"}],"replies":[{"embeddable":true,"href":"https:\/\/www.casinowings.com\/fi\/wp-json\/wp\/v2\/comments?post=8585"}],"version-history":[{"count":15,"href":"https:\/\/www.casinowings.com\/fi\/wp-json\/wp\/v2\/pages\/8585\/revisions"}],"predecessor-version":[{"id":25392,"href":"https:\/\/www.casinowings.com\/fi\/wp-json\/wp\/v2\/pages\/8585\/revisions\/25392"}],"wp:attachment":[{"href":"https:\/\/www.casinowings.com\/fi\/wp-json\/wp\/v2\/media?parent=8585"}],"curies":[{"name":"wp","href":"https:\/\/api.w.org\/{rel}","templated":true}]}}