{"id":8596,"date":"2019-06-04T10:06:54","date_gmt":"2019-06-04T09:06:54","guid":{"rendered":"https:\/\/www.casinowings.com\/fi\/?page_id=8596"},"modified":"2022-08-22T08:55:55","modified_gmt":"2022-08-22T07:55:55","slug":"test-8","status":"publish","type":"page","link":"https:\/\/www.casinowings.com\/fi\/ilmaispyoraytykset\/","title":{"rendered":"Ilmaispy\u00f6r\u00e4ytykset"},"content":{"rendered":"","protected":false},"excerpt":{"rendered":"","protected":false},"author":3,"featured_media":0,"parent":0,"menu_order":0,"comment_status":"closed","ping_status":"closed","template":"","meta":{"_acf_changed":false,"_seopress_robots_primary_cat":"","_seopress_titles_title":"Ilmaispy\u00f6r\u00e4ytykset - Parhaat tarjoukset ja kasinot 2021","_seopress_titles_desc":"Ilmaispy\u00f6r\u00e4ytykset ovat jo pitk\u00e4\u00e4n olleet osa nettikasinoiden jakamista bonustarjouksista. L\u00f6yd\u00e4t t\u00e4\u00e4lt\u00e4 kaikki parhaat nettikasinot ja tarvittavat niksit!","_seopress_robots_index":"","footnotes":""},"acf":[],"_links":{"self":[{"href":"https:\/\/www.casinowings.com\/fi\/wp-json\/wp\/v2\/pages\/8596"}],"collection":[{"href":"https:\/\/www.casinowings.com\/fi\/wp-json\/wp\/v2\/pages"}],"about":[{"href":"https:\/\/www.casinowings.com\/fi\/wp-json\/wp\/v2\/types\/page"}],"author":[{"embeddable":true,"href":"https:\/\/www.casinowings.com\/fi\/wp-json\/wp\/v2\/users\/3"}],"replies":[{"embeddable":true,"href":"https:\/\/www.casinowings.com\/fi\/wp-json\/wp\/v2\/comments?post=8596"}],"version-history":[{"count":7,"href":"https:\/\/www.casinowings.com\/fi\/wp-json\/wp\/v2\/pages\/8596\/revisions"}],"predecessor-version":[{"id":25393,"href":"https:\/\/www.casinowings.com\/fi\/wp-json\/wp\/v2\/pages\/8596\/revisions\/25393"}],"wp:attachment":[{"href":"https:\/\/www.casinowings.com\/fi\/wp-json\/wp\/v2\/media?parent=8596"}],"curies":[{"name":"wp","href":"https:\/\/api.w.org\/{rel}","templated":true}]}}