{"id":8601,"date":"2019-06-04T10:21:09","date_gmt":"2019-06-04T09:21:09","guid":{"rendered":"https:\/\/www.casinowings.com\/fi\/?page_id=8601"},"modified":"2022-04-27T14:07:32","modified_gmt":"2022-04-27T13:07:32","slug":"test-9","status":"publish","type":"page","link":"https:\/\/www.casinowings.com\/fi\/kasino-ilman-rekisteroitymista\/","title":{"rendered":"Kasino ilman rekister\u00f6itymist\u00e4"},"content":{"rendered":"<p>&nbsp;<\/p>\n<p>&nbsp;<\/p>\n<p>&nbsp;<\/p>\n<p>&nbsp;<\/p>\n","protected":false},"excerpt":{"rendered":"<p>&nbsp; &nbsp; &nbsp; &nbsp;<\/p>\n","protected":false},"author":2,"featured_media":15031,"parent":0,"menu_order":0,"comment_status":"closed","ping_status":"closed","template":"","meta":{"_acf_changed":false,"_seopress_robots_primary_cat":"","_seopress_titles_title":"Kasino ilman rekister\u00f6itymist\u00e4 - Parhaat kasinot ilman tili\u00e4 2021","_seopress_titles_desc":"Kasinot ilman rekister\u00f6itymist\u00e4 on yksi kasinomaailman uusimmista trendist\u00e4. Pelaa ilman tili\u00e4 ja saa voitot tilillesi vain 5 minuutissa - lue lis\u00e4\u00e4 t\u00e4\u00e4lt\u00e4!","_seopress_robots_index":"","footnotes":""},"acf":[],"_links":{"self":[{"href":"https:\/\/www.casinowings.com\/fi\/wp-json\/wp\/v2\/pages\/8601"}],"collection":[{"href":"https:\/\/www.casinowings.com\/fi\/wp-json\/wp\/v2\/pages"}],"about":[{"href":"https:\/\/www.casinowings.com\/fi\/wp-json\/wp\/v2\/types\/page"}],"author":[{"embeddable":true,"href":"https:\/\/www.casinowings.com\/fi\/wp-json\/wp\/v2\/users\/2"}],"replies":[{"embeddable":true,"href":"https:\/\/www.casinowings.com\/fi\/wp-json\/wp\/v2\/comments?post=8601"}],"version-history":[{"count":61,"href":"https:\/\/www.casinowings.com\/fi\/wp-json\/wp\/v2\/pages\/8601\/revisions"}],"predecessor-version":[{"id":21145,"href":"https:\/\/www.casinowings.com\/fi\/wp-json\/wp\/v2\/pages\/8601\/revisions\/21145"}],"wp:featuredmedia":[{"embeddable":true,"href":"https:\/\/www.casinowings.com\/fi\/wp-json\/wp\/v2\/media\/15031"}],"wp:attachment":[{"href":"https:\/\/www.casinowings.com\/fi\/wp-json\/wp\/v2\/media?parent=8601"}],"curies":[{"name":"wp","href":"https:\/\/api.w.org\/{rel}","templated":true}]}}