{"id":8620,"date":"2019-06-04T10:40:53","date_gmt":"2019-06-04T09:40:53","guid":{"rendered":"https:\/\/www.casinowings.com\/fi\/?page_id=8620"},"modified":"2022-04-27T14:07:33","modified_gmt":"2022-04-27T13:07:33","slug":"test-10","status":"publish","type":"page","link":"https:\/\/www.casinowings.com\/fi\/kasinobonukset\/","title":{"rendered":"Kasinobonukset"},"content":{"rendered":"","protected":false},"excerpt":{"rendered":"","protected":false},"author":2,"featured_media":15034,"parent":0,"menu_order":0,"comment_status":"closed","ping_status":"closed","template":"","meta":{"_acf_changed":false,"_seopress_robots_primary_cat":"","_seopress_titles_title":"Kasinobonukset - L\u00f6yd\u00e4 parhaat casino bonukset 2021 t\u00e4\u00e4lt\u00e4!","_seopress_titles_desc":"Kasinobonukset ovat mit\u00e4 parhainta viihdett\u00e4! T\u00e4\u00e4lt\u00e4 l\u00f6yd\u00e4t kaikki parhaat casino bonukset ja listan kasinoista, jotka tarjoavat niit\u00e4 suomalaisille pelaajille.","_seopress_robots_index":"","footnotes":""},"acf":[],"_links":{"self":[{"href":"https:\/\/www.casinowings.com\/fi\/wp-json\/wp\/v2\/pages\/8620"}],"collection":[{"href":"https:\/\/www.casinowings.com\/fi\/wp-json\/wp\/v2\/pages"}],"about":[{"href":"https:\/\/www.casinowings.com\/fi\/wp-json\/wp\/v2\/types\/page"}],"author":[{"embeddable":true,"href":"https:\/\/www.casinowings.com\/fi\/wp-json\/wp\/v2\/users\/2"}],"replies":[{"embeddable":true,"href":"https:\/\/www.casinowings.com\/fi\/wp-json\/wp\/v2\/comments?post=8620"}],"version-history":[{"count":32,"href":"https:\/\/www.casinowings.com\/fi\/wp-json\/wp\/v2\/pages\/8620\/revisions"}],"predecessor-version":[{"id":24652,"href":"https:\/\/www.casinowings.com\/fi\/wp-json\/wp\/v2\/pages\/8620\/revisions\/24652"}],"wp:featuredmedia":[{"embeddable":true,"href":"https:\/\/www.casinowings.com\/fi\/wp-json\/wp\/v2\/media\/15034"}],"wp:attachment":[{"href":"https:\/\/www.casinowings.com\/fi\/wp-json\/wp\/v2\/media?parent=8620"}],"curies":[{"name":"wp","href":"https:\/\/api.w.org\/{rel}","templated":true}]}}