{"id":8628,"date":"2019-06-04T10:48:12","date_gmt":"2019-06-04T09:48:12","guid":{"rendered":"https:\/\/www.casinowings.com\/fi\/?page_id=8628"},"modified":"2022-04-27T14:07:34","modified_gmt":"2022-04-27T13:07:34","slug":"kasinokompassi","status":"publish","type":"page","link":"https:\/\/www.casinowings.com\/fi\/kasinokompassi\/","title":{"rendered":"Kasinokompassi"},"content":{"rendered":"","protected":false},"excerpt":{"rendered":"","protected":false},"author":2,"featured_media":0,"parent":0,"menu_order":0,"comment_status":"closed","ping_status":"closed","template":"page-compass.php","meta":{"_acf_changed":false,"_seopress_robots_primary_cat":"","_seopress_titles_title":"Kasinokompassi | K\u00e4yt\u00e4 filttereit\u00e4 ja l\u00f6yd\u00e4 oma kasinosi!","_seopress_titles_desc":"Kasinokompassin avulla voit etsi\u00e4 juuri sinulle sopivia kasinoita k\u00e4ytt\u00e4m\u00e4ll\u00e4 eri filttereit\u00e4.  Valitse vain omat vaatimuksesi ja valmistaudu seikkailuun!","_seopress_robots_index":"","footnotes":""},"acf":[],"_links":{"self":[{"href":"https:\/\/www.casinowings.com\/fi\/wp-json\/wp\/v2\/pages\/8628"}],"collection":[{"href":"https:\/\/www.casinowings.com\/fi\/wp-json\/wp\/v2\/pages"}],"about":[{"href":"https:\/\/www.casinowings.com\/fi\/wp-json\/wp\/v2\/types\/page"}],"author":[{"embeddable":true,"href":"https:\/\/www.casinowings.com\/fi\/wp-json\/wp\/v2\/users\/2"}],"replies":[{"embeddable":true,"href":"https:\/\/www.casinowings.com\/fi\/wp-json\/wp\/v2\/comments?post=8628"}],"version-history":[{"count":4,"href":"https:\/\/www.casinowings.com\/fi\/wp-json\/wp\/v2\/pages\/8628\/revisions"}],"predecessor-version":[{"id":20531,"href":"https:\/\/www.casinowings.com\/fi\/wp-json\/wp\/v2\/pages\/8628\/revisions\/20531"}],"wp:attachment":[{"href":"https:\/\/www.casinowings.com\/fi\/wp-json\/wp\/v2\/media?parent=8628"}],"curies":[{"name":"wp","href":"https:\/\/api.w.org\/{rel}","templated":true}]}}