{"id":8635,"date":"2019-06-04T11:01:38","date_gmt":"2019-06-04T10:01:38","guid":{"rendered":"https:\/\/www.casinowings.com\/fi\/?page_id=8635"},"modified":"2022-08-22T08:56:33","modified_gmt":"2022-08-22T07:56:33","slug":"test-11","status":"publish","type":"page","link":"https:\/\/www.casinowings.com\/fi\/kasinopelit\/","title":{"rendered":"Kasinopelit"},"content":{"rendered":"","protected":false},"excerpt":{"rendered":"","protected":false},"author":2,"featured_media":0,"parent":0,"menu_order":0,"comment_status":"closed","ping_status":"closed","template":"","meta":{"_acf_changed":false,"_seopress_robots_primary_cat":"","_seopress_titles_title":"Kasinopelit | L\u00f6yd\u00e4 parhaat pelit ja vertaile kasinoita!","_seopress_titles_desc":"L\u00f6yd\u00e4 kaikista parhaat kasinopelit Casino Wingsilta. Vertaile kasinoita, nappaa parhaat tarjoukset ja pelaa voittoisia pelej\u00e4 jo t\u00e4n\u00e4\u00e4n!","_seopress_robots_index":"","footnotes":""},"acf":[],"_links":{"self":[{"href":"https:\/\/www.casinowings.com\/fi\/wp-json\/wp\/v2\/pages\/8635"}],"collection":[{"href":"https:\/\/www.casinowings.com\/fi\/wp-json\/wp\/v2\/pages"}],"about":[{"href":"https:\/\/www.casinowings.com\/fi\/wp-json\/wp\/v2\/types\/page"}],"author":[{"embeddable":true,"href":"https:\/\/www.casinowings.com\/fi\/wp-json\/wp\/v2\/users\/2"}],"replies":[{"embeddable":true,"href":"https:\/\/www.casinowings.com\/fi\/wp-json\/wp\/v2\/comments?post=8635"}],"version-history":[{"count":8,"href":"https:\/\/www.casinowings.com\/fi\/wp-json\/wp\/v2\/pages\/8635\/revisions"}],"predecessor-version":[{"id":25394,"href":"https:\/\/www.casinowings.com\/fi\/wp-json\/wp\/v2\/pages\/8635\/revisions\/25394"}],"wp:attachment":[{"href":"https:\/\/www.casinowings.com\/fi\/wp-json\/wp\/v2\/media?parent=8635"}],"curies":[{"name":"wp","href":"https:\/\/api.w.org\/{rel}","templated":true}]}}