{"id":8639,"date":"2019-06-04T11:05:30","date_gmt":"2019-06-04T10:05:30","guid":{"rendered":"https:\/\/www.casinowings.com\/fi\/?page_id=8639"},"modified":"2022-04-27T14:07:35","modified_gmt":"2022-04-27T13:07:35","slug":"test-12","status":"publish","type":"page","link":"https:\/\/www.casinowings.com\/fi\/kasinotarjoukset\/","title":{"rendered":"Kasinotarjoukset"},"content":{"rendered":"","protected":false},"excerpt":{"rendered":"","protected":false},"author":2,"featured_media":0,"parent":0,"menu_order":0,"comment_status":"closed","ping_status":"closed","template":"","meta":{"_acf_changed":false,"_seopress_robots_primary_cat":"","_seopress_titles_title":"Kasinotarjoukset - T\u00e4\u00e4lt\u00e4 l\u00f6yd\u00e4t t\u00e4m\u00e4n p\u00e4iv\u00e4n parhaat edut!","_seopress_titles_desc":"Kasinotarjoukset ovat kasinopelaajille oikeata herkkua, ja t\u00e4lle sivulle olemme koonneet ne kaikista parhaat tarjoukset. Nappaa omasi jo nyt!","_seopress_robots_index":"","footnotes":""},"acf":[],"_links":{"self":[{"href":"https:\/\/www.casinowings.com\/fi\/wp-json\/wp\/v2\/pages\/8639"}],"collection":[{"href":"https:\/\/www.casinowings.com\/fi\/wp-json\/wp\/v2\/pages"}],"about":[{"href":"https:\/\/www.casinowings.com\/fi\/wp-json\/wp\/v2\/types\/page"}],"author":[{"embeddable":true,"href":"https:\/\/www.casinowings.com\/fi\/wp-json\/wp\/v2\/users\/2"}],"replies":[{"embeddable":true,"href":"https:\/\/www.casinowings.com\/fi\/wp-json\/wp\/v2\/comments?post=8639"}],"version-history":[{"count":3,"href":"https:\/\/www.casinowings.com\/fi\/wp-json\/wp\/v2\/pages\/8639\/revisions"}],"predecessor-version":[{"id":20474,"href":"https:\/\/www.casinowings.com\/fi\/wp-json\/wp\/v2\/pages\/8639\/revisions\/20474"}],"wp:attachment":[{"href":"https:\/\/www.casinowings.com\/fi\/wp-json\/wp\/v2\/media?parent=8639"}],"curies":[{"name":"wp","href":"https:\/\/api.w.org\/{rel}","templated":true}]}}