{"id":8641,"date":"2019-06-04T11:10:20","date_gmt":"2019-06-04T10:10:20","guid":{"rendered":"https:\/\/www.casinowings.com\/fi\/?page_id=8641"},"modified":"2022-04-27T14:07:36","modified_gmt":"2022-04-27T13:07:36","slug":"test-13","status":"publish","type":"page","link":"https:\/\/www.casinowings.com\/fi\/kierratysvapaat-bonukset\/","title":{"rendered":"Kierr\u00e4tysvapaat bonukset"},"content":{"rendered":"","protected":false},"excerpt":{"rendered":"","protected":false},"author":2,"featured_media":0,"parent":0,"menu_order":0,"comment_status":"closed","ping_status":"closed","template":"","meta":{"_acf_changed":false,"_seopress_robots_primary_cat":"","_seopress_titles_title":"Kierr\u00e4tysvapaat bonukset - Parhaat bonustarjoukset ja kuumimmat vinkit!","_seopress_titles_desc":"Kierr\u00e4tysvapaat bonukset ovat bonusrahaa, joilla saadut voitot voit heti kotiuttaa ilman kierr\u00e4tt\u00e4mist\u00e4. Lue lis\u00e4\u00e4 ja l\u00f6yd\u00e4 parhaat kasinot t\u00e4\u00e4lt\u00e4!","_seopress_robots_index":"","footnotes":""},"acf":[],"_links":{"self":[{"href":"https:\/\/www.casinowings.com\/fi\/wp-json\/wp\/v2\/pages\/8641"}],"collection":[{"href":"https:\/\/www.casinowings.com\/fi\/wp-json\/wp\/v2\/pages"}],"about":[{"href":"https:\/\/www.casinowings.com\/fi\/wp-json\/wp\/v2\/types\/page"}],"author":[{"embeddable":true,"href":"https:\/\/www.casinowings.com\/fi\/wp-json\/wp\/v2\/users\/2"}],"replies":[{"embeddable":true,"href":"https:\/\/www.casinowings.com\/fi\/wp-json\/wp\/v2\/comments?post=8641"}],"version-history":[{"count":6,"href":"https:\/\/www.casinowings.com\/fi\/wp-json\/wp\/v2\/pages\/8641\/revisions"}],"predecessor-version":[{"id":20311,"href":"https:\/\/www.casinowings.com\/fi\/wp-json\/wp\/v2\/pages\/8641\/revisions\/20311"}],"wp:attachment":[{"href":"https:\/\/www.casinowings.com\/fi\/wp-json\/wp\/v2\/media?parent=8641"}],"curies":[{"name":"wp","href":"https:\/\/api.w.org\/{rel}","templated":true}]}}