{"id":8645,"date":"2019-06-04T11:13:26","date_gmt":"2019-06-04T10:13:26","guid":{"rendered":"https:\/\/www.casinowings.com\/fi\/?page_id=8645"},"modified":"2022-04-27T14:07:37","modified_gmt":"2022-04-27T13:07:37","slug":"test-14","status":"publish","type":"page","link":"https:\/\/www.casinowings.com\/fi\/live-casino\/","title":{"rendered":"Live casino"},"content":{"rendered":"","protected":false},"excerpt":{"rendered":"","protected":false},"author":2,"featured_media":0,"parent":0,"menu_order":0,"comment_status":"closed","ping_status":"closed","template":"","meta":{"_acf_changed":false,"_seopress_robots_primary_cat":"","_seopress_titles_title":"Live Casino | Pelaa live-pelej\u00e4 oikeiden diilereiden kanssa!","_seopress_titles_desc":"Live casino tulee vuosi vuodelta yh\u00e4 suositummaksi Suomessa, ja me Casino Wingsilla olemme k\u00e4yneet l\u00e4pi kaikki ne kasinot, jotka tarjoavat live casino -pelej\u00e4!","_seopress_robots_index":"","footnotes":""},"acf":[],"_links":{"self":[{"href":"https:\/\/www.casinowings.com\/fi\/wp-json\/wp\/v2\/pages\/8645"}],"collection":[{"href":"https:\/\/www.casinowings.com\/fi\/wp-json\/wp\/v2\/pages"}],"about":[{"href":"https:\/\/www.casinowings.com\/fi\/wp-json\/wp\/v2\/types\/page"}],"author":[{"embeddable":true,"href":"https:\/\/www.casinowings.com\/fi\/wp-json\/wp\/v2\/users\/2"}],"replies":[{"embeddable":true,"href":"https:\/\/www.casinowings.com\/fi\/wp-json\/wp\/v2\/comments?post=8645"}],"version-history":[{"count":5,"href":"https:\/\/www.casinowings.com\/fi\/wp-json\/wp\/v2\/pages\/8645\/revisions"}],"predecessor-version":[{"id":24653,"href":"https:\/\/www.casinowings.com\/fi\/wp-json\/wp\/v2\/pages\/8645\/revisions\/24653"}],"wp:attachment":[{"href":"https:\/\/www.casinowings.com\/fi\/wp-json\/wp\/v2\/media?parent=8645"}],"curies":[{"name":"wp","href":"https:\/\/api.w.org\/{rel}","templated":true}]}}