{"id":8652,"date":"2019-06-04T11:24:00","date_gmt":"2019-06-04T10:24:00","guid":{"rendered":"https:\/\/www.casinowings.com\/fi\/?page_id=8652"},"modified":"2022-04-27T14:07:39","modified_gmt":"2022-04-27T13:07:39","slug":"test-16","status":"publish","type":"page","link":"https:\/\/www.casinowings.com\/fi\/nettibingo\/","title":{"rendered":"Nettibingo"},"content":{"rendered":"","protected":false},"excerpt":{"rendered":"","protected":false},"author":2,"featured_media":0,"parent":0,"menu_order":0,"comment_status":"closed","ping_status":"closed","template":"","meta":{"_acf_changed":false,"_seopress_robots_primary_cat":"","_seopress_titles_title":"Nettibingo | Miten se toimii, ja mist\u00e4 l\u00f6yd\u00e4t parhaat tarjoukset?","_seopress_titles_desc":"Nettibingo on peli joka on kehitetty klassiesta bingosta. Nykyisin valinnanvaraa ja tarjouksia on netiss\u00e4 vaikka kuinka paljon. Lue lis\u00e4\u00e4 t\u00e4\u00e4lt\u00e4!","_seopress_robots_index":"","footnotes":""},"acf":[],"_links":{"self":[{"href":"https:\/\/www.casinowings.com\/fi\/wp-json\/wp\/v2\/pages\/8652"}],"collection":[{"href":"https:\/\/www.casinowings.com\/fi\/wp-json\/wp\/v2\/pages"}],"about":[{"href":"https:\/\/www.casinowings.com\/fi\/wp-json\/wp\/v2\/types\/page"}],"author":[{"embeddable":true,"href":"https:\/\/www.casinowings.com\/fi\/wp-json\/wp\/v2\/users\/2"}],"replies":[{"embeddable":true,"href":"https:\/\/www.casinowings.com\/fi\/wp-json\/wp\/v2\/comments?post=8652"}],"version-history":[{"count":2,"href":"https:\/\/www.casinowings.com\/fi\/wp-json\/wp\/v2\/pages\/8652\/revisions"}],"predecessor-version":[{"id":12134,"href":"https:\/\/www.casinowings.com\/fi\/wp-json\/wp\/v2\/pages\/8652\/revisions\/12134"}],"wp:attachment":[{"href":"https:\/\/www.casinowings.com\/fi\/wp-json\/wp\/v2\/media?parent=8652"}],"curies":[{"name":"wp","href":"https:\/\/api.w.org\/{rel}","templated":true}]}}