{"id":8661,"date":"2019-06-04T11:29:53","date_gmt":"2019-06-04T10:29:53","guid":{"rendered":"https:\/\/www.casinowings.com\/fi\/?page_id=8661"},"modified":"2022-04-27T14:07:42","modified_gmt":"2022-04-27T13:07:42","slug":"test-18","status":"publish","type":"page","link":"https:\/\/www.casinowings.com\/fi\/rahapelit-netissa\/","title":{"rendered":"Rahapelit netiss\u00e4"},"content":{"rendered":"","protected":false},"excerpt":{"rendered":"","protected":false},"author":2,"featured_media":0,"parent":0,"menu_order":0,"comment_status":"closed","ping_status":"closed","template":"","meta":{"_acf_changed":false,"_seopress_robots_primary_cat":"","_seopress_titles_title":"Rahapelit netiss\u00e4 | Esittelyss\u00e4 markkinoiden parhaat kasinopelit!","_seopress_titles_desc":"Rahapelit netiss\u00e4 ovat kasvaneet suosiossa tasaiseen tahtiin viime vuosien aikana. Casino Wings esittelee parhaat pelit ja niihin liittyv\u00e4t tarjoukset!","_seopress_robots_index":"","footnotes":""},"acf":[],"_links":{"self":[{"href":"https:\/\/www.casinowings.com\/fi\/wp-json\/wp\/v2\/pages\/8661"}],"collection":[{"href":"https:\/\/www.casinowings.com\/fi\/wp-json\/wp\/v2\/pages"}],"about":[{"href":"https:\/\/www.casinowings.com\/fi\/wp-json\/wp\/v2\/types\/page"}],"author":[{"embeddable":true,"href":"https:\/\/www.casinowings.com\/fi\/wp-json\/wp\/v2\/users\/2"}],"replies":[{"embeddable":true,"href":"https:\/\/www.casinowings.com\/fi\/wp-json\/wp\/v2\/comments?post=8661"}],"version-history":[{"count":6,"href":"https:\/\/www.casinowings.com\/fi\/wp-json\/wp\/v2\/pages\/8661\/revisions"}],"predecessor-version":[{"id":24656,"href":"https:\/\/www.casinowings.com\/fi\/wp-json\/wp\/v2\/pages\/8661\/revisions\/24656"}],"wp:attachment":[{"href":"https:\/\/www.casinowings.com\/fi\/wp-json\/wp\/v2\/media?parent=8661"}],"curies":[{"name":"wp","href":"https:\/\/api.w.org\/{rel}","templated":true}]}}