{"id":8672,"date":"2019-06-04T11:40:07","date_gmt":"2019-06-04T10:40:07","guid":{"rendered":"https:\/\/www.casinowings.com\/fi\/?page_id=8672"},"modified":"2022-04-27T14:07:43","modified_gmt":"2022-04-27T13:07:43","slug":"test-19","status":"publish","type":"page","link":"https:\/\/www.casinowings.com\/fi\/ruletti\/","title":{"rendered":"Ruletti"},"content":{"rendered":"","protected":false},"excerpt":{"rendered":"","protected":false},"author":2,"featured_media":0,"parent":0,"menu_order":0,"comment_status":"closed","ping_status":"closed","template":"","meta":{"_acf_changed":false,"_seopress_robots_primary_cat":"","_seopress_titles_title":"Ruletti | N\u00e4m\u00e4 asiat on hyv\u00e4 tiet\u00e4\u00e4 ennen ruletin pelaamista","_seopress_titles_desc":"Suuresta ruletti oppaastamme l\u00f6yd\u00e4t eksperttejen vinkkej\u00e4 ja pitk\u00e4n listan ajankohtaisia kasinoita, jotka tarjoavat rulettipelej\u00e4 - sek\u00e4 bonustarjouksia!","_seopress_robots_index":"","footnotes":""},"acf":[],"_links":{"self":[{"href":"https:\/\/www.casinowings.com\/fi\/wp-json\/wp\/v2\/pages\/8672"}],"collection":[{"href":"https:\/\/www.casinowings.com\/fi\/wp-json\/wp\/v2\/pages"}],"about":[{"href":"https:\/\/www.casinowings.com\/fi\/wp-json\/wp\/v2\/types\/page"}],"author":[{"embeddable":true,"href":"https:\/\/www.casinowings.com\/fi\/wp-json\/wp\/v2\/users\/2"}],"replies":[{"embeddable":true,"href":"https:\/\/www.casinowings.com\/fi\/wp-json\/wp\/v2\/comments?post=8672"}],"version-history":[{"count":4,"href":"https:\/\/www.casinowings.com\/fi\/wp-json\/wp\/v2\/pages\/8672\/revisions"}],"predecessor-version":[{"id":20470,"href":"https:\/\/www.casinowings.com\/fi\/wp-json\/wp\/v2\/pages\/8672\/revisions\/20470"}],"wp:attachment":[{"href":"https:\/\/www.casinowings.com\/fi\/wp-json\/wp\/v2\/media?parent=8672"}],"curies":[{"name":"wp","href":"https:\/\/api.w.org\/{rel}","templated":true}]}}