{"id":9679,"date":"2019-06-26T15:00:50","date_gmt":"2019-06-26T14:00:50","guid":{"rendered":"https:\/\/www.casinowings.com\/fi\/?page_id=9679"},"modified":"2025-04-29T10:07:18","modified_gmt":"2025-04-29T09:07:18","slug":"tietoa-casino-wingsista","status":"publish","type":"page","link":"https:\/\/www.casinowings.com\/fi\/tietoa-casino-wingsista\/","title":{"rendered":"Tietoa Casino Wingsista"},"content":{"rendered":"","protected":false},"excerpt":{"rendered":"","protected":false},"author":2,"featured_media":0,"parent":0,"menu_order":0,"comment_status":"closed","ping_status":"closed","template":"","meta":{"_acf_changed":false,"_seopress_robots_primary_cat":"","_seopress_titles_title":"Tietoa Casino Wingsista \u2013 Ty\u00f6ntekij\u00e4t sivuston kulissesissa","_seopress_titles_desc":"T\u00e4\u00e4lt\u00e4 l\u00f6yd\u00e4t tietoa meist\u00e4, jotka olemme Casino Wingsin kulisseissa. Miten kaikki alkoi, ja ket\u00e4 me sivuston kanssa ty\u00f6skentelev\u00e4t oikein olemme? Tervetuloa!","_seopress_robots_index":"","footnotes":""},"acf":[],"_links":{"self":[{"href":"https:\/\/www.casinowings.com\/fi\/wp-json\/wp\/v2\/pages\/9679"}],"collection":[{"href":"https:\/\/www.casinowings.com\/fi\/wp-json\/wp\/v2\/pages"}],"about":[{"href":"https:\/\/www.casinowings.com\/fi\/wp-json\/wp\/v2\/types\/page"}],"author":[{"embeddable":true,"href":"https:\/\/www.casinowings.com\/fi\/wp-json\/wp\/v2\/users\/2"}],"replies":[{"embeddable":true,"href":"https:\/\/www.casinowings.com\/fi\/wp-json\/wp\/v2\/comments?post=9679"}],"version-history":[{"count":6,"href":"https:\/\/www.casinowings.com\/fi\/wp-json\/wp\/v2\/pages\/9679\/revisions"}],"predecessor-version":[{"id":30693,"href":"https:\/\/www.casinowings.com\/fi\/wp-json\/wp\/v2\/pages\/9679\/revisions\/30693"}],"wp:attachment":[{"href":"https:\/\/www.casinowings.com\/fi\/wp-json\/wp\/v2\/media?parent=9679"}],"curies":[{"name":"wp","href":"https:\/\/api.w.org\/{rel}","templated":true}]}}