{"id":151267,"date":"2025-02-19T09:24:45","date_gmt":"2025-02-19T08:24:45","guid":{"rendered":"https:\/\/www.casinowings.com\/se\/betalningsmetoder\/"},"modified":"2026-02-19T10:53:53","modified_gmt":"2026-02-19T09:53:53","slug":"betalningsmetoder","status":"publish","type":"page","link":"https:\/\/www.casinowings.com\/se\/betalningsmetoder\/","title":{"rendered":"Casino betalningsmetoder i Sverige 2026"},"content":{"rendered":"","protected":false},"excerpt":{"rendered":"","protected":false},"author":15,"featured_media":0,"parent":0,"menu_order":0,"comment_status":"closed","ping_status":"closed","template":"","meta":{"_acf_changed":false,"_seopress_robots_primary_cat":"","_seopress_titles_title":"Casino betalningsmetoder 2026: S\u00e4kra och snabba betalalternativ","_seopress_titles_desc":"Med svenska betalningsmetoder p\u00e5 casino spelar du alltid tryggt. H\u00e4r listar vi alla metoder f\u00f6r casinon i Sverige s\u00e5 att du kan j\u00e4mf\u00f6ra. L\u00e4s mer.","_seopress_robots_index":"","footnotes":""},"acf":[],"_links":{"self":[{"href":"https:\/\/www.casinowings.com\/se\/wp-json\/wp\/v2\/pages\/151267"}],"collection":[{"href":"https:\/\/www.casinowings.com\/se\/wp-json\/wp\/v2\/pages"}],"about":[{"href":"https:\/\/www.casinowings.com\/se\/wp-json\/wp\/v2\/types\/page"}],"author":[{"embeddable":true,"href":"https:\/\/www.casinowings.com\/se\/wp-json\/wp\/v2\/users\/15"}],"replies":[{"embeddable":true,"href":"https:\/\/www.casinowings.com\/se\/wp-json\/wp\/v2\/comments?post=151267"}],"version-history":[{"count":1,"href":"https:\/\/www.casinowings.com\/se\/wp-json\/wp\/v2\/pages\/151267\/revisions"}],"predecessor-version":[{"id":151448,"href":"https:\/\/www.casinowings.com\/se\/wp-json\/wp\/v2\/pages\/151267\/revisions\/151448"}],"wp:attachment":[{"href":"https:\/\/www.casinowings.com\/se\/wp-json\/wp\/v2\/media?parent=151267"}],"curies":[{"name":"wp","href":"https:\/\/api.w.org\/{rel}","templated":true}]}}