{"id":151268,"date":"2024-11-27T09:08:25","date_gmt":"2024-11-27T08:08:25","guid":{"rendered":"https:\/\/www.casinowings.com\/se\/apple-pay-casino\/"},"modified":"2026-03-06T13:21:21","modified_gmt":"2026-03-06T12:21:21","slug":"apple-pay-casino","status":"publish","type":"page","link":"https:\/\/www.casinowings.com\/se\/betalningsmetoder\/apple-pay-casino\/","title":{"rendered":"Apple Pay Casinon 2026"},"content":{"rendered":"","protected":false},"excerpt":{"rendered":"","protected":false},"author":15,"featured_media":0,"parent":151267,"menu_order":0,"comment_status":"closed","ping_status":"closed","template":"","meta":{"_acf_changed":false,"_seopress_robots_primary_cat":"","_seopress_titles_title":"Apple Pay Casino 2026 - B\u00e4sta casinon med Apple Pay","_seopress_titles_desc":"Vill du spela p\u00e5 ett Apple Pay casino? H\u00e4r listar vi de b\u00e4sta casinona med Apple Pay f\u00f6r en snabb, smidig och s\u00e4ker spelupplevelse.","_seopress_robots_index":"","footnotes":""},"acf":[],"_links":{"self":[{"href":"https:\/\/www.casinowings.com\/se\/wp-json\/wp\/v2\/pages\/151268"}],"collection":[{"href":"https:\/\/www.casinowings.com\/se\/wp-json\/wp\/v2\/pages"}],"about":[{"href":"https:\/\/www.casinowings.com\/se\/wp-json\/wp\/v2\/types\/page"}],"author":[{"embeddable":true,"href":"https:\/\/www.casinowings.com\/se\/wp-json\/wp\/v2\/users\/15"}],"replies":[{"embeddable":true,"href":"https:\/\/www.casinowings.com\/se\/wp-json\/wp\/v2\/comments?post=151268"}],"version-history":[{"count":2,"href":"https:\/\/www.casinowings.com\/se\/wp-json\/wp\/v2\/pages\/151268\/revisions"}],"predecessor-version":[{"id":151790,"href":"https:\/\/www.casinowings.com\/se\/wp-json\/wp\/v2\/pages\/151268\/revisions\/151790"}],"up":[{"embeddable":true,"href":"https:\/\/www.casinowings.com\/se\/wp-json\/wp\/v2\/pages\/151267"}],"wp:attachment":[{"href":"https:\/\/www.casinowings.com\/se\/wp-json\/wp\/v2\/media?parent=151268"}],"curies":[{"name":"wp","href":"https:\/\/api.w.org\/{rel}","templated":true}]}}