{"id":151270,"date":"2025-07-04T07:16:17","date_gmt":"2025-07-04T05:16:17","guid":{"rendered":"https:\/\/www.casinowings.com\/se\/bankoverforing\/"},"modified":"2026-02-19T10:53:58","modified_gmt":"2026-02-19T09:53:58","slug":"bankoverforing","status":"publish","type":"page","link":"https:\/\/www.casinowings.com\/se\/betalningsmetoder\/bankoverforing\/","title":{"rendered":"Bank\u00f6verf\u00f6ring Casino:Hitta b\u00e4sta Bank\u00f6verf\u00f6ring casinon 2026"},"content":{"rendered":"","protected":false},"excerpt":{"rendered":"","protected":false},"author":15,"featured_media":0,"parent":151267,"menu_order":0,"comment_status":"closed","ping_status":"closed","template":"","meta":{"_acf_changed":false,"_seopress_robots_primary_cat":"","_seopress_titles_title":"Bank\u00f6verf\u00f6ring p\u00e5 casino 2026 | Allt du beh\u00f6ver veta","_seopress_titles_desc":"Vad \u00e4r egentligen bank\u00f6verf\u00f6ring p\u00e5 casino? H\u00e4r reder vi ut begreppen och ger dig tips p\u00e5 b\u00e4sta casino med bank\u00f6verf\u00f6ring. L\u00e4s mer h\u00e4r.","_seopress_robots_index":"","footnotes":""},"acf":[],"_links":{"self":[{"href":"https:\/\/www.casinowings.com\/se\/wp-json\/wp\/v2\/pages\/151270"}],"collection":[{"href":"https:\/\/www.casinowings.com\/se\/wp-json\/wp\/v2\/pages"}],"about":[{"href":"https:\/\/www.casinowings.com\/se\/wp-json\/wp\/v2\/types\/page"}],"author":[{"embeddable":true,"href":"https:\/\/www.casinowings.com\/se\/wp-json\/wp\/v2\/users\/15"}],"replies":[{"embeddable":true,"href":"https:\/\/www.casinowings.com\/se\/wp-json\/wp\/v2\/comments?post=151270"}],"version-history":[{"count":1,"href":"https:\/\/www.casinowings.com\/se\/wp-json\/wp\/v2\/pages\/151270\/revisions"}],"predecessor-version":[{"id":151271,"href":"https:\/\/www.casinowings.com\/se\/wp-json\/wp\/v2\/pages\/151270\/revisions\/151271"}],"up":[{"embeddable":true,"href":"https:\/\/www.casinowings.com\/se\/wp-json\/wp\/v2\/pages\/151267"}],"wp:attachment":[{"href":"https:\/\/www.casinowings.com\/se\/wp-json\/wp\/v2\/media?parent=151270"}],"curies":[{"name":"wp","href":"https:\/\/api.w.org\/{rel}","templated":true}]}}