{"id":151272,"date":"2019-04-23T14:25:15","date_gmt":"2019-04-23T12:25:15","guid":{"rendered":"https:\/\/www.casinowings.com\/se\/bitcoin-casino\/"},"modified":"2026-03-06T13:08:39","modified_gmt":"2026-03-06T12:08:39","slug":"bitcoin-casino","status":"publish","type":"page","link":"https:\/\/www.casinowings.com\/se\/betalningsmetoder\/bitcoin-casino\/","title":{"rendered":"Bitcoin casino:Information om Bitcoin casino i Sverige 2026"},"content":{"rendered":"","protected":false},"excerpt":{"rendered":"","protected":false},"author":15,"featured_media":0,"parent":151267,"menu_order":0,"comment_status":"closed","ping_status":"closed","template":"","meta":{"_acf_changed":false,"_seopress_robots_primary_cat":"","_seopress_titles_title":"Bitcoin Casino 2026 | S\u00e5 fungerar det","_seopress_titles_desc":"G\u00e5r det spela p\u00e5 BitCoin casinon i Sverige 2026? I dagsl\u00e4get \u00e4r det inte m\u00f6jligt, l\u00e4s mer om varf\u00f6r BTC \u00e4r olagligt p\u00e5 svenska casinon.","_seopress_robots_index":"","footnotes":""},"acf":[],"_links":{"self":[{"href":"https:\/\/www.casinowings.com\/se\/wp-json\/wp\/v2\/pages\/151272"}],"collection":[{"href":"https:\/\/www.casinowings.com\/se\/wp-json\/wp\/v2\/pages"}],"about":[{"href":"https:\/\/www.casinowings.com\/se\/wp-json\/wp\/v2\/types\/page"}],"author":[{"embeddable":true,"href":"https:\/\/www.casinowings.com\/se\/wp-json\/wp\/v2\/users\/15"}],"replies":[{"embeddable":true,"href":"https:\/\/www.casinowings.com\/se\/wp-json\/wp\/v2\/comments?post=151272"}],"version-history":[{"count":2,"href":"https:\/\/www.casinowings.com\/se\/wp-json\/wp\/v2\/pages\/151272\/revisions"}],"predecessor-version":[{"id":151780,"href":"https:\/\/www.casinowings.com\/se\/wp-json\/wp\/v2\/pages\/151272\/revisions\/151780"}],"up":[{"embeddable":true,"href":"https:\/\/www.casinowings.com\/se\/wp-json\/wp\/v2\/pages\/151267"}],"wp:attachment":[{"href":"https:\/\/www.casinowings.com\/se\/wp-json\/wp\/v2\/media?parent=151272"}],"curies":[{"name":"wp","href":"https:\/\/api.w.org\/{rel}","templated":true}]}}