{"id":151274,"date":"2025-02-12T10:05:36","date_gmt":"2025-02-12T09:05:36","guid":{"rendered":"https:\/\/www.casinowings.com\/se\/brite-casino\/"},"modified":"2026-03-06T13:57:57","modified_gmt":"2026-03-06T12:57:57","slug":"brite-casino","status":"publish","type":"page","link":"https:\/\/www.casinowings.com\/se\/betalningsmetoder\/brite-casino\/","title":{"rendered":"Brite casino:Allt om Brite casinon 2026"},"content":{"rendered":"","protected":false},"excerpt":{"rendered":"","protected":false},"author":15,"featured_media":0,"parent":151267,"menu_order":0,"comment_status":"closed","ping_status":"closed","template":"","meta":{"_acf_changed":false,"_seopress_robots_primary_cat":"","_seopress_titles_title":"Brite casino 2026 Spela casino med Brite","_seopress_titles_desc":"Spela snabbt och s\u00e4kert med Brite - betalningsmetoden f\u00f6r direkta ins\u00e4ttningar och uttag. L\u00e4r dig mer om Brite casinon h\u00e4r!","_seopress_robots_index":"","footnotes":""},"acf":[],"_links":{"self":[{"href":"https:\/\/www.casinowings.com\/se\/wp-json\/wp\/v2\/pages\/151274"}],"collection":[{"href":"https:\/\/www.casinowings.com\/se\/wp-json\/wp\/v2\/pages"}],"about":[{"href":"https:\/\/www.casinowings.com\/se\/wp-json\/wp\/v2\/types\/page"}],"author":[{"embeddable":true,"href":"https:\/\/www.casinowings.com\/se\/wp-json\/wp\/v2\/users\/15"}],"replies":[{"embeddable":true,"href":"https:\/\/www.casinowings.com\/se\/wp-json\/wp\/v2\/comments?post=151274"}],"version-history":[{"count":3,"href":"https:\/\/www.casinowings.com\/se\/wp-json\/wp\/v2\/pages\/151274\/revisions"}],"predecessor-version":[{"id":151837,"href":"https:\/\/www.casinowings.com\/se\/wp-json\/wp\/v2\/pages\/151274\/revisions\/151837"}],"up":[{"embeddable":true,"href":"https:\/\/www.casinowings.com\/se\/wp-json\/wp\/v2\/pages\/151267"}],"wp:attachment":[{"href":"https:\/\/www.casinowings.com\/se\/wp-json\/wp\/v2\/media?parent=151274"}],"curies":[{"name":"wp","href":"https:\/\/api.w.org\/{rel}","templated":true}]}}