{"id":151276,"date":"2024-11-20T10:09:35","date_gmt":"2024-11-20T09:09:35","guid":{"rendered":"https:\/\/www.casinowings.com\/se\/casino-faktura\/"},"modified":"2026-03-06T13:25:45","modified_gmt":"2026-03-06T12:25:45","slug":"casino-faktura","status":"publish","type":"page","link":"https:\/\/www.casinowings.com\/se\/betalningsmetoder\/casino-faktura\/","title":{"rendered":"Casino faktura i Sverige 2026"},"content":{"rendered":"","protected":false},"excerpt":{"rendered":"","protected":false},"author":15,"featured_media":0,"parent":151267,"menu_order":0,"comment_status":"closed","ping_status":"closed","template":"","meta":{"_acf_changed":false,"_seopress_robots_primary_cat":"","_seopress_titles_title":"Casino faktura | Allt om faktura p\u00e5 casino 2026","_seopress_titles_desc":"Casino med faktura - CasinoWings ger dig all information du beh\u00f6ver om faktura casino i Sverige. L\u00e4s mer om regler, hur det funkar och f\u00e5 tips h\u00e4r.","_seopress_robots_index":"","footnotes":""},"acf":[],"_links":{"self":[{"href":"https:\/\/www.casinowings.com\/se\/wp-json\/wp\/v2\/pages\/151276"}],"collection":[{"href":"https:\/\/www.casinowings.com\/se\/wp-json\/wp\/v2\/pages"}],"about":[{"href":"https:\/\/www.casinowings.com\/se\/wp-json\/wp\/v2\/types\/page"}],"author":[{"embeddable":true,"href":"https:\/\/www.casinowings.com\/se\/wp-json\/wp\/v2\/users\/15"}],"replies":[{"embeddable":true,"href":"https:\/\/www.casinowings.com\/se\/wp-json\/wp\/v2\/comments?post=151276"}],"version-history":[{"count":2,"href":"https:\/\/www.casinowings.com\/se\/wp-json\/wp\/v2\/pages\/151276\/revisions"}],"predecessor-version":[{"id":151797,"href":"https:\/\/www.casinowings.com\/se\/wp-json\/wp\/v2\/pages\/151276\/revisions\/151797"}],"up":[{"embeddable":true,"href":"https:\/\/www.casinowings.com\/se\/wp-json\/wp\/v2\/pages\/151267"}],"wp:attachment":[{"href":"https:\/\/www.casinowings.com\/se\/wp-json\/wp\/v2\/media?parent=151276"}],"curies":[{"name":"wp","href":"https:\/\/api.w.org\/{rel}","templated":true}]}}