{"id":151278,"date":"2025-02-20T13:28:48","date_gmt":"2025-02-20T12:28:48","guid":{"rendered":"https:\/\/www.casinowings.com\/se\/casino-med-sms-betalning\/"},"modified":"2026-03-06T13:30:21","modified_gmt":"2026-03-06T12:30:21","slug":"casino-med-sms-betalning","status":"publish","type":"page","link":"https:\/\/www.casinowings.com\/se\/betalningsmetoder\/casino-med-sms-betalning\/","title":{"rendered":"Casino med sms betalning i Sverige 2026"},"content":{"rendered":"","protected":false},"excerpt":{"rendered":"","protected":false},"author":15,"featured_media":0,"parent":151267,"menu_order":0,"comment_status":"closed","ping_status":"closed","template":"","meta":{"_acf_changed":false,"_seopress_robots_primary_cat":"","_seopress_titles_title":"SMS casino 2026: Allt om casino med sms betalning","_seopress_titles_desc":"Utforska varf\u00f6r sms casino med mobilfaktura inte l\u00e4ngre \u00e4r till\u00e5tet i Sverige och j\u00e4mf\u00f6r alternativ som finns tillg\u00e4ngliga.","_seopress_robots_index":"","footnotes":""},"acf":[],"_links":{"self":[{"href":"https:\/\/www.casinowings.com\/se\/wp-json\/wp\/v2\/pages\/151278"}],"collection":[{"href":"https:\/\/www.casinowings.com\/se\/wp-json\/wp\/v2\/pages"}],"about":[{"href":"https:\/\/www.casinowings.com\/se\/wp-json\/wp\/v2\/types\/page"}],"author":[{"embeddable":true,"href":"https:\/\/www.casinowings.com\/se\/wp-json\/wp\/v2\/users\/15"}],"replies":[{"embeddable":true,"href":"https:\/\/www.casinowings.com\/se\/wp-json\/wp\/v2\/comments?post=151278"}],"version-history":[{"count":3,"href":"https:\/\/www.casinowings.com\/se\/wp-json\/wp\/v2\/pages\/151278\/revisions"}],"predecessor-version":[{"id":151805,"href":"https:\/\/www.casinowings.com\/se\/wp-json\/wp\/v2\/pages\/151278\/revisions\/151805"}],"up":[{"embeddable":true,"href":"https:\/\/www.casinowings.com\/se\/wp-json\/wp\/v2\/pages\/151267"}],"wp:attachment":[{"href":"https:\/\/www.casinowings.com\/se\/wp-json\/wp\/v2\/media?parent=151278"}],"curies":[{"name":"wp","href":"https:\/\/api.w.org\/{rel}","templated":true}]}}