{"id":151280,"date":"2025-03-25T11:22:17","date_gmt":"2025-03-25T10:22:17","guid":{"rendered":"https:\/\/www.casinowings.com\/se\/entercash\/"},"modified":"2026-03-06T13:45:46","modified_gmt":"2026-03-06T12:45:46","slug":"entercash","status":"publish","type":"page","link":"https:\/\/www.casinowings.com\/se\/betalningsmetoder\/entercash\/","title":{"rendered":"Entercash Casino: information om Entercash casino i Sverige 2025"},"content":{"rendered":"","protected":false},"excerpt":{"rendered":"","protected":false},"author":15,"featured_media":0,"parent":151267,"menu_order":0,"comment_status":"closed","ping_status":"closed","template":"","meta":{"_acf_changed":false,"_seopress_robots_primary_cat":"","_seopress_titles_title":"Entercash casinon 2026","_seopress_titles_desc":"Det \u00e4r inte l\u00e4ngre m\u00f6jligt att spela p\u00e5 Entercash casinon i Sverige. H\u00e4r ber\u00e4ttar vi varf\u00f6r, och ger dig all information du beh\u00f6ver. L\u00e4s mer.","_seopress_robots_index":"","footnotes":""},"acf":[],"_links":{"self":[{"href":"https:\/\/www.casinowings.com\/se\/wp-json\/wp\/v2\/pages\/151280"}],"collection":[{"href":"https:\/\/www.casinowings.com\/se\/wp-json\/wp\/v2\/pages"}],"about":[{"href":"https:\/\/www.casinowings.com\/se\/wp-json\/wp\/v2\/types\/page"}],"author":[{"embeddable":true,"href":"https:\/\/www.casinowings.com\/se\/wp-json\/wp\/v2\/users\/15"}],"replies":[{"embeddable":true,"href":"https:\/\/www.casinowings.com\/se\/wp-json\/wp\/v2\/comments?post=151280"}],"version-history":[{"count":2,"href":"https:\/\/www.casinowings.com\/se\/wp-json\/wp\/v2\/pages\/151280\/revisions"}],"predecessor-version":[{"id":151820,"href":"https:\/\/www.casinowings.com\/se\/wp-json\/wp\/v2\/pages\/151280\/revisions\/151820"}],"up":[{"embeddable":true,"href":"https:\/\/www.casinowings.com\/se\/wp-json\/wp\/v2\/pages\/151267"}],"wp:attachment":[{"href":"https:\/\/www.casinowings.com\/se\/wp-json\/wp\/v2\/media?parent=151280"}],"curies":[{"name":"wp","href":"https:\/\/api.w.org\/{rel}","templated":true}]}}