{"id":151282,"date":"2025-07-03T07:10:19","date_gmt":"2025-07-03T05:10:19","guid":{"rendered":"https:\/\/www.casinowings.com\/se\/entropay\/"},"modified":"2026-03-06T13:24:49","modified_gmt":"2026-03-06T12:24:49","slug":"entropay","status":"publish","type":"page","link":"https:\/\/www.casinowings.com\/se\/betalningsmetoder\/entropay\/","title":{"rendered":"Entropay Casino:Information om Entropay casinon i Sverige 2026"},"content":{"rendered":"","protected":false},"excerpt":{"rendered":"","protected":false},"author":15,"featured_media":0,"parent":151267,"menu_order":0,"comment_status":"closed","ping_status":"closed","template":"","meta":{"_acf_changed":false,"_seopress_robots_primary_cat":"","_seopress_titles_title":"Entropay casinon i Sverige 2026 | Casinowings.se","_seopress_titles_desc":"Entropay var en betalningsmetod som numera \u00e4r helt avst\u00e4ngd. Det finns d\u00e4rf\u00f6r inte n\u00e5gra Entropay casinon att spela p\u00e5.","_seopress_robots_index":"","footnotes":""},"acf":[],"_links":{"self":[{"href":"https:\/\/www.casinowings.com\/se\/wp-json\/wp\/v2\/pages\/151282"}],"collection":[{"href":"https:\/\/www.casinowings.com\/se\/wp-json\/wp\/v2\/pages"}],"about":[{"href":"https:\/\/www.casinowings.com\/se\/wp-json\/wp\/v2\/types\/page"}],"author":[{"embeddable":true,"href":"https:\/\/www.casinowings.com\/se\/wp-json\/wp\/v2\/users\/15"}],"replies":[{"embeddable":true,"href":"https:\/\/www.casinowings.com\/se\/wp-json\/wp\/v2\/comments?post=151282"}],"version-history":[{"count":2,"href":"https:\/\/www.casinowings.com\/se\/wp-json\/wp\/v2\/pages\/151282\/revisions"}],"predecessor-version":[{"id":151794,"href":"https:\/\/www.casinowings.com\/se\/wp-json\/wp\/v2\/pages\/151282\/revisions\/151794"}],"up":[{"embeddable":true,"href":"https:\/\/www.casinowings.com\/se\/wp-json\/wp\/v2\/pages\/151267"}],"wp:attachment":[{"href":"https:\/\/www.casinowings.com\/se\/wp-json\/wp\/v2\/media?parent=151282"}],"curies":[{"name":"wp","href":"https:\/\/api.w.org\/{rel}","templated":true}]}}