{"id":151284,"date":"2025-03-25T08:26:30","date_gmt":"2025-03-25T07:26:30","guid":{"rendered":"https:\/\/www.casinowings.com\/se\/giropay-casino\/"},"modified":"2026-03-06T13:44:42","modified_gmt":"2026-03-06T12:44:42","slug":"giropay-casino","status":"publish","type":"page","link":"https:\/\/www.casinowings.com\/se\/betalningsmetoder\/giropay-casino\/","title":{"rendered":"GiroPay casino \u2013 Information om GiroPay casinon i Sverige 2026"},"content":{"rendered":"","protected":false},"excerpt":{"rendered":"","protected":false},"author":15,"featured_media":0,"parent":151267,"menu_order":0,"comment_status":"closed","ping_status":"closed","template":"","meta":{"_acf_changed":false,"_seopress_robots_primary_cat":"","_seopress_titles_title":"GiroPay Casino \u00bb B\u00e4st alternativ till GiroPay casinon","_seopress_titles_desc":"GiroPay \u00e4r en betalningsmetod som inte l\u00e4ngre finns aktiv. H\u00e4r ger vi f\u00f6rslag p\u00e5 alternativa Giropay casinon med trygga betalningsmetoder.","_seopress_robots_index":"","footnotes":""},"acf":[],"_links":{"self":[{"href":"https:\/\/www.casinowings.com\/se\/wp-json\/wp\/v2\/pages\/151284"}],"collection":[{"href":"https:\/\/www.casinowings.com\/se\/wp-json\/wp\/v2\/pages"}],"about":[{"href":"https:\/\/www.casinowings.com\/se\/wp-json\/wp\/v2\/types\/page"}],"author":[{"embeddable":true,"href":"https:\/\/www.casinowings.com\/se\/wp-json\/wp\/v2\/users\/15"}],"replies":[{"embeddable":true,"href":"https:\/\/www.casinowings.com\/se\/wp-json\/wp\/v2\/comments?post=151284"}],"version-history":[{"count":3,"href":"https:\/\/www.casinowings.com\/se\/wp-json\/wp\/v2\/pages\/151284\/revisions"}],"predecessor-version":[{"id":151819,"href":"https:\/\/www.casinowings.com\/se\/wp-json\/wp\/v2\/pages\/151284\/revisions\/151819"}],"up":[{"embeddable":true,"href":"https:\/\/www.casinowings.com\/se\/wp-json\/wp\/v2\/pages\/151267"}],"wp:attachment":[{"href":"https:\/\/www.casinowings.com\/se\/wp-json\/wp\/v2\/media?parent=151284"}],"curies":[{"name":"wp","href":"https:\/\/api.w.org\/{rel}","templated":true}]}}