{"id":151286,"date":"2025-07-02T07:23:37","date_gmt":"2025-07-02T05:23:37","guid":{"rendered":"https:\/\/www.casinowings.com\/se\/google-pay\/"},"modified":"2026-03-06T13:01:05","modified_gmt":"2026-03-06T12:01:05","slug":"google-pay","status":"publish","type":"page","link":"https:\/\/www.casinowings.com\/se\/betalningsmetoder\/google-pay\/","title":{"rendered":"Google Pay Casino:Hitta b\u00e4sta Google Pay casinon 2025"},"content":{"rendered":"","protected":false},"excerpt":{"rendered":"","protected":false},"author":15,"featured_media":0,"parent":151267,"menu_order":0,"comment_status":"closed","ping_status":"closed","template":"","meta":{"_acf_changed":false,"_seopress_robots_primary_cat":"","_seopress_titles_title":"Google Pay Casino: Lista med Sveriges b\u00e4sta Google Pay casinon","_seopress_titles_desc":"Google Pay casinon ger dig snabba och s\u00e4kra ins\u00e4ttningar, direkt fr\u00e5n mobilen. De b\u00e4sta casinona med Apple Pay hittar du hos CasinoWings.","_seopress_robots_index":"","footnotes":""},"acf":[],"_links":{"self":[{"href":"https:\/\/www.casinowings.com\/se\/wp-json\/wp\/v2\/pages\/151286"}],"collection":[{"href":"https:\/\/www.casinowings.com\/se\/wp-json\/wp\/v2\/pages"}],"about":[{"href":"https:\/\/www.casinowings.com\/se\/wp-json\/wp\/v2\/types\/page"}],"author":[{"embeddable":true,"href":"https:\/\/www.casinowings.com\/se\/wp-json\/wp\/v2\/users\/15"}],"replies":[{"embeddable":true,"href":"https:\/\/www.casinowings.com\/se\/wp-json\/wp\/v2\/comments?post=151286"}],"version-history":[{"count":3,"href":"https:\/\/www.casinowings.com\/se\/wp-json\/wp\/v2\/pages\/151286\/revisions"}],"predecessor-version":[{"id":151772,"href":"https:\/\/www.casinowings.com\/se\/wp-json\/wp\/v2\/pages\/151286\/revisions\/151772"}],"up":[{"embeddable":true,"href":"https:\/\/www.casinowings.com\/se\/wp-json\/wp\/v2\/pages\/151267"}],"wp:attachment":[{"href":"https:\/\/www.casinowings.com\/se\/wp-json\/wp\/v2\/media?parent=151286"}],"curies":[{"name":"wp","href":"https:\/\/api.w.org\/{rel}","templated":true}]}}