{"id":151288,"date":"2024-12-04T12:59:28","date_gmt":"2024-12-04T11:59:28","guid":{"rendered":"https:\/\/www.casinowings.com\/se\/klarna-casino\/"},"modified":"2026-03-06T13:36:32","modified_gmt":"2026-03-06T12:36:32","slug":"klarna-casino","status":"publish","type":"page","link":"https:\/\/www.casinowings.com\/se\/betalningsmetoder\/klarna-casino\/","title":{"rendered":"Klarna Casino:Information om Klarna casinon i Sverige 2026"},"content":{"rendered":"","protected":false},"excerpt":{"rendered":"","protected":false},"author":15,"featured_media":0,"parent":151267,"menu_order":0,"comment_status":"closed","ping_status":"closed","template":"","meta":{"_acf_changed":false,"_seopress_robots_primary_cat":"","_seopress_titles_title":"Klarna Casinon 2026 - B\u00e4sta alternativ till casino med Klarna","_seopress_titles_desc":"Att spela med Klarna p\u00e5 casino \u00e4r inte l\u00e4ngre till\u00e5tet. Vi ber\u00e4ttar mer om metoden, varf\u00f6r du inte kan anv\u00e4nda den p\u00e5 casino och ger dig trygga alternativ.","_seopress_robots_index":"","footnotes":""},"acf":[],"_links":{"self":[{"href":"https:\/\/www.casinowings.com\/se\/wp-json\/wp\/v2\/pages\/151288"}],"collection":[{"href":"https:\/\/www.casinowings.com\/se\/wp-json\/wp\/v2\/pages"}],"about":[{"href":"https:\/\/www.casinowings.com\/se\/wp-json\/wp\/v2\/types\/page"}],"author":[{"embeddable":true,"href":"https:\/\/www.casinowings.com\/se\/wp-json\/wp\/v2\/users\/15"}],"replies":[{"embeddable":true,"href":"https:\/\/www.casinowings.com\/se\/wp-json\/wp\/v2\/comments?post=151288"}],"version-history":[{"count":3,"href":"https:\/\/www.casinowings.com\/se\/wp-json\/wp\/v2\/pages\/151288\/revisions"}],"predecessor-version":[{"id":151813,"href":"https:\/\/www.casinowings.com\/se\/wp-json\/wp\/v2\/pages\/151288\/revisions\/151813"}],"up":[{"embeddable":true,"href":"https:\/\/www.casinowings.com\/se\/wp-json\/wp\/v2\/pages\/151267"}],"wp:attachment":[{"href":"https:\/\/www.casinowings.com\/se\/wp-json\/wp\/v2\/media?parent=151288"}],"curies":[{"name":"wp","href":"https:\/\/api.w.org\/{rel}","templated":true}]}}