{"id":151290,"date":"2024-12-05T13:27:44","date_gmt":"2024-12-05T12:27:44","guid":{"rendered":"https:\/\/www.casinowings.com\/se\/kreditkort-casinon\/"},"modified":"2026-02-19T10:54:23","modified_gmt":"2026-02-19T09:54:23","slug":"kreditkort-casinon","status":"publish","type":"page","link":"https:\/\/www.casinowings.com\/se\/betalningsmetoder\/kreditkort-casinon\/","title":{"rendered":"Kreditkort Casino"},"content":{"rendered":"","protected":false},"excerpt":{"rendered":"","protected":false},"author":15,"featured_media":0,"parent":151267,"menu_order":0,"comment_status":"closed","ping_status":"closed","template":"","meta":{"_acf_changed":false,"_seopress_robots_primary_cat":"","_seopress_titles_title":"Casino med kreditkort 2026 | Se alla kreditkort casinon","_seopress_titles_desc":"Kreditkort casinon med bonus och b\u00e4sta spelutbud. H\u00e4r hittar du lista p\u00e5 casinon med kreditkort och vi ber\u00e4ttar hur det funkar. L\u00e4s mer.","_seopress_robots_index":"","footnotes":""},"acf":[],"_links":{"self":[{"href":"https:\/\/www.casinowings.com\/se\/wp-json\/wp\/v2\/pages\/151290"}],"collection":[{"href":"https:\/\/www.casinowings.com\/se\/wp-json\/wp\/v2\/pages"}],"about":[{"href":"https:\/\/www.casinowings.com\/se\/wp-json\/wp\/v2\/types\/page"}],"author":[{"embeddable":true,"href":"https:\/\/www.casinowings.com\/se\/wp-json\/wp\/v2\/users\/15"}],"replies":[{"embeddable":true,"href":"https:\/\/www.casinowings.com\/se\/wp-json\/wp\/v2\/comments?post=151290"}],"version-history":[{"count":1,"href":"https:\/\/www.casinowings.com\/se\/wp-json\/wp\/v2\/pages\/151290\/revisions"}],"predecessor-version":[{"id":151291,"href":"https:\/\/www.casinowings.com\/se\/wp-json\/wp\/v2\/pages\/151290\/revisions\/151291"}],"up":[{"embeddable":true,"href":"https:\/\/www.casinowings.com\/se\/wp-json\/wp\/v2\/pages\/151267"}],"wp:attachment":[{"href":"https:\/\/www.casinowings.com\/se\/wp-json\/wp\/v2\/media?parent=151290"}],"curies":[{"name":"wp","href":"https:\/\/api.w.org\/{rel}","templated":true}]}}