{"id":151292,"date":"2025-03-27T07:23:19","date_gmt":"2025-03-27T06:23:19","guid":{"rendered":"https:\/\/www.casinowings.com\/se\/maestro-2\/"},"modified":"2026-03-06T13:07:25","modified_gmt":"2026-03-06T12:07:25","slug":"maestro","status":"publish","type":"page","link":"https:\/\/www.casinowings.com\/se\/betalningsmetoder\/maestro\/","title":{"rendered":"Maestro casino:Hitta b\u00e4sta Maestro casinon 2026"},"content":{"rendered":"","protected":false},"excerpt":{"rendered":"","protected":false},"author":15,"featured_media":0,"parent":151267,"menu_order":0,"comment_status":"closed","ping_status":"closed","template":"","meta":{"_acf_changed":false,"_seopress_robots_primary_cat":"","_seopress_titles_title":"Maestro casino - Sveriges b\u00e4sta Maestro casinon","_seopress_titles_desc":"Maestro casinon erbjuder snabba och s\u00e4kra ins\u00e4ttningar. L\u00e4r dig mer om betalningsmetoden och hitta de b\u00e4sta Maestro casinona h\u00e4r!","_seopress_robots_index":"","footnotes":""},"acf":[],"_links":{"self":[{"href":"https:\/\/www.casinowings.com\/se\/wp-json\/wp\/v2\/pages\/151292"}],"collection":[{"href":"https:\/\/www.casinowings.com\/se\/wp-json\/wp\/v2\/pages"}],"about":[{"href":"https:\/\/www.casinowings.com\/se\/wp-json\/wp\/v2\/types\/page"}],"author":[{"embeddable":true,"href":"https:\/\/www.casinowings.com\/se\/wp-json\/wp\/v2\/users\/15"}],"replies":[{"embeddable":true,"href":"https:\/\/www.casinowings.com\/se\/wp-json\/wp\/v2\/comments?post=151292"}],"version-history":[{"count":2,"href":"https:\/\/www.casinowings.com\/se\/wp-json\/wp\/v2\/pages\/151292\/revisions"}],"predecessor-version":[{"id":151779,"href":"https:\/\/www.casinowings.com\/se\/wp-json\/wp\/v2\/pages\/151292\/revisions\/151779"}],"up":[{"embeddable":true,"href":"https:\/\/www.casinowings.com\/se\/wp-json\/wp\/v2\/pages\/151267"}],"wp:attachment":[{"href":"https:\/\/www.casinowings.com\/se\/wp-json\/wp\/v2\/media?parent=151292"}],"curies":[{"name":"wp","href":"https:\/\/api.w.org\/{rel}","templated":true}]}}