{"id":151294,"date":"2024-11-13T14:03:23","date_gmt":"2024-11-13T13:03:23","guid":{"rendered":"https:\/\/www.casinowings.com\/se\/mastercard-casinon\/"},"modified":"2026-02-19T10:54:28","modified_gmt":"2026-02-19T09:54:28","slug":"mastercard-casinon","status":"publish","type":"page","link":"https:\/\/www.casinowings.com\/se\/betalningsmetoder\/mastercard-casinon\/","title":{"rendered":"Mastercard Casino:Hitta b\u00e4sta Mastercard casinon 2026"},"content":{"rendered":"","protected":false},"excerpt":{"rendered":"","protected":false},"author":15,"featured_media":0,"parent":151267,"menu_order":0,"comment_status":"closed","ping_status":"closed","template":"","meta":{"_acf_changed":false,"_seopress_robots_primary_cat":"","_seopress_titles_title":"Alla Mastercard casinon - Hitta b\u00e4sta Mastercard casino 2026","_seopress_titles_desc":"CasinoWings ger dig b\u00e4sta Mastercard casinon 2026. L\u00e4s mer om hur metoden fungerar och var du kan spela med Mastercard.","_seopress_robots_index":"","footnotes":""},"acf":[],"_links":{"self":[{"href":"https:\/\/www.casinowings.com\/se\/wp-json\/wp\/v2\/pages\/151294"}],"collection":[{"href":"https:\/\/www.casinowings.com\/se\/wp-json\/wp\/v2\/pages"}],"about":[{"href":"https:\/\/www.casinowings.com\/se\/wp-json\/wp\/v2\/types\/page"}],"author":[{"embeddable":true,"href":"https:\/\/www.casinowings.com\/se\/wp-json\/wp\/v2\/users\/15"}],"replies":[{"embeddable":true,"href":"https:\/\/www.casinowings.com\/se\/wp-json\/wp\/v2\/comments?post=151294"}],"version-history":[{"count":1,"href":"https:\/\/www.casinowings.com\/se\/wp-json\/wp\/v2\/pages\/151294\/revisions"}],"predecessor-version":[{"id":151295,"href":"https:\/\/www.casinowings.com\/se\/wp-json\/wp\/v2\/pages\/151294\/revisions\/151295"}],"up":[{"embeddable":true,"href":"https:\/\/www.casinowings.com\/se\/wp-json\/wp\/v2\/pages\/151267"}],"wp:attachment":[{"href":"https:\/\/www.casinowings.com\/se\/wp-json\/wp\/v2\/media?parent=151294"}],"curies":[{"name":"wp","href":"https:\/\/api.w.org\/{rel}","templated":true}]}}