{"id":151296,"date":"2025-07-02T07:35:35","date_gmt":"2025-07-02T05:35:35","guid":{"rendered":"https:\/\/www.casinowings.com\/se\/mifinity\/"},"modified":"2026-03-06T13:17:33","modified_gmt":"2026-03-06T12:17:33","slug":"mifinity","status":"publish","type":"page","link":"https:\/\/www.casinowings.com\/se\/betalningsmetoder\/mifinity\/","title":{"rendered":"MiFinity Casino:Information om MiFinity casinos in Sverige 2026"},"content":{"rendered":"","protected":false},"excerpt":{"rendered":"","protected":false},"author":15,"featured_media":0,"parent":151267,"menu_order":0,"comment_status":"closed","ping_status":"closed","template":"","meta":{"_acf_changed":false,"_seopress_robots_primary_cat":"","_seopress_titles_title":"MiFinity Casinon i Sverige 2026 | Casinowings.se","_seopress_titles_desc":"Mifinity \u00e4r en betalningsmetod som inte l\u00e4ngre finns tillg\u00e4nglig p\u00e5 svenska casinon. H\u00e4r ger vi f\u00f6rslag p\u00e5 liknande betalningsmetoder som funkar i Sverige.","_seopress_robots_index":"","footnotes":""},"acf":[],"_links":{"self":[{"href":"https:\/\/www.casinowings.com\/se\/wp-json\/wp\/v2\/pages\/151296"}],"collection":[{"href":"https:\/\/www.casinowings.com\/se\/wp-json\/wp\/v2\/pages"}],"about":[{"href":"https:\/\/www.casinowings.com\/se\/wp-json\/wp\/v2\/types\/page"}],"author":[{"embeddable":true,"href":"https:\/\/www.casinowings.com\/se\/wp-json\/wp\/v2\/users\/15"}],"replies":[{"embeddable":true,"href":"https:\/\/www.casinowings.com\/se\/wp-json\/wp\/v2\/comments?post=151296"}],"version-history":[{"count":3,"href":"https:\/\/www.casinowings.com\/se\/wp-json\/wp\/v2\/pages\/151296\/revisions"}],"predecessor-version":[{"id":151786,"href":"https:\/\/www.casinowings.com\/se\/wp-json\/wp\/v2\/pages\/151296\/revisions\/151786"}],"up":[{"embeddable":true,"href":"https:\/\/www.casinowings.com\/se\/wp-json\/wp\/v2\/pages\/151267"}],"wp:attachment":[{"href":"https:\/\/www.casinowings.com\/se\/wp-json\/wp\/v2\/media?parent=151296"}],"curies":[{"name":"wp","href":"https:\/\/api.w.org\/{rel}","templated":true}]}}