{"id":151298,"date":"2025-01-03T08:15:09","date_gmt":"2025-01-03T07:15:09","guid":{"rendered":"https:\/\/www.casinowings.com\/se\/neteller-casino\/"},"modified":"2026-03-06T13:47:32","modified_gmt":"2026-03-06T12:47:32","slug":"neteller-casino","status":"publish","type":"page","link":"https:\/\/www.casinowings.com\/se\/betalningsmetoder\/neteller-casino\/","title":{"rendered":"Neteller Casino:Hitta b\u00e4sta Neteller casinon 2025"},"content":{"rendered":"","protected":false},"excerpt":{"rendered":"","protected":false},"author":15,"featured_media":0,"parent":151267,"menu_order":0,"comment_status":"closed","ping_status":"closed","template":"","meta":{"_acf_changed":false,"_seopress_robots_primary_cat":"","_seopress_titles_title":"Neteller Casino 2025 - Spela med Neteller p\u00e5 casino","_seopress_titles_desc":"P\u00e5 ett Neteller casino kan du njuta av snabba, smidiga och s\u00e4kra betalningar. H\u00e4r listar vi b\u00e4st Neteller casinon just nu!","_seopress_robots_index":"","footnotes":""},"acf":[],"_links":{"self":[{"href":"https:\/\/www.casinowings.com\/se\/wp-json\/wp\/v2\/pages\/151298"}],"collection":[{"href":"https:\/\/www.casinowings.com\/se\/wp-json\/wp\/v2\/pages"}],"about":[{"href":"https:\/\/www.casinowings.com\/se\/wp-json\/wp\/v2\/types\/page"}],"author":[{"embeddable":true,"href":"https:\/\/www.casinowings.com\/se\/wp-json\/wp\/v2\/users\/15"}],"replies":[{"embeddable":true,"href":"https:\/\/www.casinowings.com\/se\/wp-json\/wp\/v2\/comments?post=151298"}],"version-history":[{"count":3,"href":"https:\/\/www.casinowings.com\/se\/wp-json\/wp\/v2\/pages\/151298\/revisions"}],"predecessor-version":[{"id":151822,"href":"https:\/\/www.casinowings.com\/se\/wp-json\/wp\/v2\/pages\/151298\/revisions\/151822"}],"up":[{"embeddable":true,"href":"https:\/\/www.casinowings.com\/se\/wp-json\/wp\/v2\/pages\/151267"}],"wp:attachment":[{"href":"https:\/\/www.casinowings.com\/se\/wp-json\/wp\/v2\/media?parent=151298"}],"curies":[{"name":"wp","href":"https:\/\/api.w.org\/{rel}","templated":true}]}}