{"id":151300,"date":"2025-03-25T08:25:22","date_gmt":"2025-03-25T07:25:22","guid":{"rendered":"https:\/\/www.casinowings.com\/se\/paylevo-casino\/"},"modified":"2026-03-06T13:11:04","modified_gmt":"2026-03-06T12:11:04","slug":"paylevo-casino","status":"publish","type":"page","link":"https:\/\/www.casinowings.com\/se\/betalningsmetoder\/paylevo-casino\/","title":{"rendered":"Paylevo Casino \u2013 Information om Paylevo p\u00e5 casinon i Sverige 2026"},"content":{"rendered":"","protected":false},"excerpt":{"rendered":"","protected":false},"author":15,"featured_media":0,"parent":151267,"menu_order":0,"comment_status":"closed","ping_status":"closed","template":"","meta":{"_acf_changed":false,"_seopress_robots_primary_cat":"","_seopress_titles_title":"Paylevo Casino \u00bb B\u00e4sta Paylevo Casino alternativ 2026","_seopress_titles_desc":"Paylevo \u00e4r en betalningsmetod som inte l\u00e4ngre finns tillg\u00e4nglig p\u00e5 svenska casinon. H\u00e4r ger vi f\u00f6rslag p\u00e5 alternativa betalningsmetoder.","_seopress_robots_index":"","footnotes":""},"acf":[],"_links":{"self":[{"href":"https:\/\/www.casinowings.com\/se\/wp-json\/wp\/v2\/pages\/151300"}],"collection":[{"href":"https:\/\/www.casinowings.com\/se\/wp-json\/wp\/v2\/pages"}],"about":[{"href":"https:\/\/www.casinowings.com\/se\/wp-json\/wp\/v2\/types\/page"}],"author":[{"embeddable":true,"href":"https:\/\/www.casinowings.com\/se\/wp-json\/wp\/v2\/users\/15"}],"replies":[{"embeddable":true,"href":"https:\/\/www.casinowings.com\/se\/wp-json\/wp\/v2\/comments?post=151300"}],"version-history":[{"count":3,"href":"https:\/\/www.casinowings.com\/se\/wp-json\/wp\/v2\/pages\/151300\/revisions"}],"predecessor-version":[{"id":151782,"href":"https:\/\/www.casinowings.com\/se\/wp-json\/wp\/v2\/pages\/151300\/revisions\/151782"}],"up":[{"embeddable":true,"href":"https:\/\/www.casinowings.com\/se\/wp-json\/wp\/v2\/pages\/151267"}],"wp:attachment":[{"href":"https:\/\/www.casinowings.com\/se\/wp-json\/wp\/v2\/media?parent=151300"}],"curies":[{"name":"wp","href":"https:\/\/api.w.org\/{rel}","templated":true}]}}