{"id":151308,"date":"2024-12-16T08:09:43","date_gmt":"2024-12-16T07:09:43","guid":{"rendered":"https:\/\/www.casinowings.com\/se\/revolut-casino\/"},"modified":"2026-02-19T10:54:45","modified_gmt":"2026-02-19T09:54:45","slug":"revolut-casino","status":"publish","type":"page","link":"https:\/\/www.casinowings.com\/se\/betalningsmetoder\/revolut-casino\/","title":{"rendered":"Revolut Casino:Hitta b\u00e4sta Revolut casinon 2026"},"content":{"rendered":"","protected":false},"excerpt":{"rendered":"","protected":false},"author":15,"featured_media":0,"parent":151267,"menu_order":0,"comment_status":"closed","ping_status":"closed","template":"","meta":{"_acf_changed":false,"_seopress_robots_primary_cat":"","_seopress_titles_title":"Revolut casino 2025 - B\u00e4st casinon med Revolut","_seopress_titles_desc":"P\u00e5 ett Revolut casino kan du dra nytta av snabba och s\u00e4kra transaktioner. Vi guidar dig till de b\u00e4sta alternativen just nu!","_seopress_robots_index":"","footnotes":""},"acf":[],"_links":{"self":[{"href":"https:\/\/www.casinowings.com\/se\/wp-json\/wp\/v2\/pages\/151308"}],"collection":[{"href":"https:\/\/www.casinowings.com\/se\/wp-json\/wp\/v2\/pages"}],"about":[{"href":"https:\/\/www.casinowings.com\/se\/wp-json\/wp\/v2\/types\/page"}],"author":[{"embeddable":true,"href":"https:\/\/www.casinowings.com\/se\/wp-json\/wp\/v2\/users\/15"}],"replies":[{"embeddable":true,"href":"https:\/\/www.casinowings.com\/se\/wp-json\/wp\/v2\/comments?post=151308"}],"version-history":[{"count":1,"href":"https:\/\/www.casinowings.com\/se\/wp-json\/wp\/v2\/pages\/151308\/revisions"}],"predecessor-version":[{"id":151309,"href":"https:\/\/www.casinowings.com\/se\/wp-json\/wp\/v2\/pages\/151308\/revisions\/151309"}],"up":[{"embeddable":true,"href":"https:\/\/www.casinowings.com\/se\/wp-json\/wp\/v2\/pages\/151267"}],"wp:attachment":[{"href":"https:\/\/www.casinowings.com\/se\/wp-json\/wp\/v2\/media?parent=151308"}],"curies":[{"name":"wp","href":"https:\/\/api.w.org\/{rel}","templated":true}]}}