{"id":151310,"date":"2024-12-26T08:16:36","date_gmt":"2024-12-26T07:16:36","guid":{"rendered":"https:\/\/www.casinowings.com\/se\/skrill-casino\/"},"modified":"2026-03-06T13:52:26","modified_gmt":"2026-03-06T12:52:26","slug":"skrill-casino","status":"publish","type":"page","link":"https:\/\/www.casinowings.com\/se\/betalningsmetoder\/skrill-casino\/","title":{"rendered":"Skrill Casino: Hitta b\u00e4sta Skrill casinon 2026"},"content":{"rendered":"","protected":false},"excerpt":{"rendered":"","protected":false},"author":15,"featured_media":0,"parent":151267,"menu_order":0,"comment_status":"closed","ping_status":"closed","template":"","meta":{"_acf_changed":false,"_seopress_robots_primary_cat":"","_seopress_titles_title":"Skrill Casino 2025 - Spela casino med Skrill","_seopress_titles_desc":"Letar du efter Skrill casinon? D\u00e5 har du hamnat r\u00e4tt! H\u00e4r guidar vi dig till n\u00e4tets b\u00e4sta casinon med Skrill.","_seopress_robots_index":"","footnotes":""},"acf":[],"_links":{"self":[{"href":"https:\/\/www.casinowings.com\/se\/wp-json\/wp\/v2\/pages\/151310"}],"collection":[{"href":"https:\/\/www.casinowings.com\/se\/wp-json\/wp\/v2\/pages"}],"about":[{"href":"https:\/\/www.casinowings.com\/se\/wp-json\/wp\/v2\/types\/page"}],"author":[{"embeddable":true,"href":"https:\/\/www.casinowings.com\/se\/wp-json\/wp\/v2\/users\/15"}],"replies":[{"embeddable":true,"href":"https:\/\/www.casinowings.com\/se\/wp-json\/wp\/v2\/comments?post=151310"}],"version-history":[{"count":2,"href":"https:\/\/www.casinowings.com\/se\/wp-json\/wp\/v2\/pages\/151310\/revisions"}],"predecessor-version":[{"id":151832,"href":"https:\/\/www.casinowings.com\/se\/wp-json\/wp\/v2\/pages\/151310\/revisions\/151832"}],"up":[{"embeddable":true,"href":"https:\/\/www.casinowings.com\/se\/wp-json\/wp\/v2\/pages\/151267"}],"wp:attachment":[{"href":"https:\/\/www.casinowings.com\/se\/wp-json\/wp\/v2\/media?parent=151310"}],"curies":[{"name":"wp","href":"https:\/\/api.w.org\/{rel}","templated":true}]}}