{"id":151314,"date":"2024-11-18T10:44:44","date_gmt":"2024-11-18T09:44:44","guid":{"rendered":"https:\/\/www.casinowings.com\/se\/trustly-casino\/"},"modified":"2026-03-06T12:51:24","modified_gmt":"2026-03-06T11:51:24","slug":"trustly-casino","status":"publish","type":"page","link":"https:\/\/www.casinowings.com\/se\/betalningsmetoder\/trustly-casino\/","title":{"rendered":"Casino med Trustly:Hitta b\u00e4sta Trustly casinon 2026"},"content":{"rendered":"","protected":false},"excerpt":{"rendered":"","protected":false},"author":15,"featured_media":0,"parent":151267,"menu_order":0,"comment_status":"closed","ping_status":"closed","template":"","meta":{"_acf_changed":false,"_seopress_robots_primary_cat":"","_seopress_titles_title":"Casino med Trustly topplista - Hitta b\u00e4sta Trustly casino 2026","_seopress_titles_desc":"Spela snabbt p\u00e5 Trustly casino och f\u00e5 tillg\u00e5ng till marknadens b\u00e4sta Trustly casinon. L\u00e4s mer h\u00e4r och hitta ditt nya favoritcasino idag.","_seopress_robots_index":"","footnotes":""},"acf":[],"_links":{"self":[{"href":"https:\/\/www.casinowings.com\/se\/wp-json\/wp\/v2\/pages\/151314"}],"collection":[{"href":"https:\/\/www.casinowings.com\/se\/wp-json\/wp\/v2\/pages"}],"about":[{"href":"https:\/\/www.casinowings.com\/se\/wp-json\/wp\/v2\/types\/page"}],"author":[{"embeddable":true,"href":"https:\/\/www.casinowings.com\/se\/wp-json\/wp\/v2\/users\/15"}],"replies":[{"embeddable":true,"href":"https:\/\/www.casinowings.com\/se\/wp-json\/wp\/v2\/comments?post=151314"}],"version-history":[{"count":2,"href":"https:\/\/www.casinowings.com\/se\/wp-json\/wp\/v2\/pages\/151314\/revisions"}],"predecessor-version":[{"id":151770,"href":"https:\/\/www.casinowings.com\/se\/wp-json\/wp\/v2\/pages\/151314\/revisions\/151770"}],"up":[{"embeddable":true,"href":"https:\/\/www.casinowings.com\/se\/wp-json\/wp\/v2\/pages\/151267"}],"wp:attachment":[{"href":"https:\/\/www.casinowings.com\/se\/wp-json\/wp\/v2\/media?parent=151314"}],"curies":[{"name":"wp","href":"https:\/\/api.w.org\/{rel}","templated":true}]}}