{"id":151316,"date":"2025-02-19T11:59:23","date_gmt":"2025-02-19T10:59:23","guid":{"rendered":"https:\/\/www.casinowings.com\/se\/visa-casino\/"},"modified":"2026-02-19T10:54:55","modified_gmt":"2026-02-19T09:54:55","slug":"visa-casino","status":"publish","type":"page","link":"https:\/\/www.casinowings.com\/se\/betalningsmetoder\/visa-casino\/","title":{"rendered":"Visa Casino:Hitta b\u00e4sta Visa casinon 2025"},"content":{"rendered":"","protected":false},"excerpt":{"rendered":"","protected":false},"author":15,"featured_media":0,"parent":151267,"menu_order":0,"comment_status":"closed","ping_status":"closed","template":"","meta":{"_acf_changed":false,"_seopress_robots_primary_cat":"","_seopress_titles_title":"Visa casino 2026 | Allt om att spela casino med Visa","_seopress_titles_desc":"J\u00e4mf\u00f6r alla casinon med Visa hos Casinowings. Vi l\u00e4r dig hur Visa fungerar p\u00e5 casinon och listar de b\u00e4sta alternativen.","_seopress_robots_index":"","footnotes":""},"acf":[],"_links":{"self":[{"href":"https:\/\/www.casinowings.com\/se\/wp-json\/wp\/v2\/pages\/151316"}],"collection":[{"href":"https:\/\/www.casinowings.com\/se\/wp-json\/wp\/v2\/pages"}],"about":[{"href":"https:\/\/www.casinowings.com\/se\/wp-json\/wp\/v2\/types\/page"}],"author":[{"embeddable":true,"href":"https:\/\/www.casinowings.com\/se\/wp-json\/wp\/v2\/users\/15"}],"replies":[{"embeddable":true,"href":"https:\/\/www.casinowings.com\/se\/wp-json\/wp\/v2\/comments?post=151316"}],"version-history":[{"count":1,"href":"https:\/\/www.casinowings.com\/se\/wp-json\/wp\/v2\/pages\/151316\/revisions"}],"predecessor-version":[{"id":151317,"href":"https:\/\/www.casinowings.com\/se\/wp-json\/wp\/v2\/pages\/151316\/revisions\/151317"}],"up":[{"embeddable":true,"href":"https:\/\/www.casinowings.com\/se\/wp-json\/wp\/v2\/pages\/151267"}],"wp:attachment":[{"href":"https:\/\/www.casinowings.com\/se\/wp-json\/wp\/v2\/media?parent=151316"}],"curies":[{"name":"wp","href":"https:\/\/api.w.org\/{rel}","templated":true}]}}