{"id":151318,"date":"2020-11-20T16:10:58","date_gmt":"2020-11-20T15:10:58","guid":{"rendered":"https:\/\/www.casinowings.com\/se\/zimpler-2\/"},"modified":"2026-03-06T13:16:16","modified_gmt":"2026-03-06T12:16:16","slug":"zimpler","status":"publish","type":"page","link":"https:\/\/www.casinowings.com\/se\/betalningsmetoder\/zimpler\/","title":{"rendered":"Zimpler Casino 2026"},"content":{"rendered":"","protected":false},"excerpt":{"rendered":"","protected":false},"author":15,"featured_media":0,"parent":151267,"menu_order":0,"comment_status":"closed","ping_status":"closed","template":"","meta":{"_acf_changed":false,"_seopress_robots_primary_cat":"","_seopress_titles_title":"Alla casino med Zimpler i topplista - B\u00e4sta Zimpler casino 2026","_seopress_titles_desc":"CasinoWings ger dig en komplett guide \u00f6ver Zimpler casinon i Sverige och ber\u00e4ttar mer om ins\u00e4ttningar och uttag med Zimpler. L\u00e4s mer och spela h\u00e4r.","_seopress_robots_index":"","footnotes":""},"acf":[],"_links":{"self":[{"href":"https:\/\/www.casinowings.com\/se\/wp-json\/wp\/v2\/pages\/151318"}],"collection":[{"href":"https:\/\/www.casinowings.com\/se\/wp-json\/wp\/v2\/pages"}],"about":[{"href":"https:\/\/www.casinowings.com\/se\/wp-json\/wp\/v2\/types\/page"}],"author":[{"embeddable":true,"href":"https:\/\/www.casinowings.com\/se\/wp-json\/wp\/v2\/users\/15"}],"replies":[{"embeddable":true,"href":"https:\/\/www.casinowings.com\/se\/wp-json\/wp\/v2\/comments?post=151318"}],"version-history":[{"count":3,"href":"https:\/\/www.casinowings.com\/se\/wp-json\/wp\/v2\/pages\/151318\/revisions"}],"predecessor-version":[{"id":151785,"href":"https:\/\/www.casinowings.com\/se\/wp-json\/wp\/v2\/pages\/151318\/revisions\/151785"}],"up":[{"embeddable":true,"href":"https:\/\/www.casinowings.com\/se\/wp-json\/wp\/v2\/pages\/151267"}],"wp:attachment":[{"href":"https:\/\/www.casinowings.com\/se\/wp-json\/wp\/v2\/media?parent=151318"}],"curies":[{"name":"wp","href":"https:\/\/api.w.org\/{rel}","templated":true}]}}