{"id":151320,"date":"2019-04-23T14:07:25","date_gmt":"2019-04-23T12:07:25","guid":{"rendered":"https:\/\/www.casinowings.com\/se\/bettingsidor\/"},"modified":"2026-03-06T13:18:56","modified_gmt":"2026-03-06T12:18:56","slug":"bettingsidor","status":"publish","type":"page","link":"https:\/\/www.casinowings.com\/se\/bettingsidor\/","title":{"rendered":"Bettingsidor i Sverige"},"content":{"rendered":"","protected":false},"excerpt":{"rendered":"","protected":false},"author":17,"featured_media":0,"parent":0,"menu_order":0,"comment_status":"closed","ping_status":"closed","template":"","meta":{"_acf_changed":false,"_seopress_robots_primary_cat":"","_seopress_titles_title":"B\u00e4sta svenska bettingsidor 2025 - Betting med trygghet","_seopress_titles_desc":"Uppt\u00e4ck de b\u00e4sta svenska bettingsidorna! Hitta sidorna med b\u00e4sta odds p\u00e5 svensk fotboll och e-sport. Bonus betting och s\u00e4kra bettingsidor med svensk licens.","_seopress_robots_index":"","footnotes":""},"acf":[],"_links":{"self":[{"href":"https:\/\/www.casinowings.com\/se\/wp-json\/wp\/v2\/pages\/151320"}],"collection":[{"href":"https:\/\/www.casinowings.com\/se\/wp-json\/wp\/v2\/pages"}],"about":[{"href":"https:\/\/www.casinowings.com\/se\/wp-json\/wp\/v2\/types\/page"}],"author":[{"embeddable":true,"href":"https:\/\/www.casinowings.com\/se\/wp-json\/wp\/v2\/users\/17"}],"replies":[{"embeddable":true,"href":"https:\/\/www.casinowings.com\/se\/wp-json\/wp\/v2\/comments?post=151320"}],"version-history":[{"count":3,"href":"https:\/\/www.casinowings.com\/se\/wp-json\/wp\/v2\/pages\/151320\/revisions"}],"predecessor-version":[{"id":151789,"href":"https:\/\/www.casinowings.com\/se\/wp-json\/wp\/v2\/pages\/151320\/revisions\/151789"}],"wp:attachment":[{"href":"https:\/\/www.casinowings.com\/se\/wp-json\/wp\/v2\/media?parent=151320"}],"curies":[{"name":"wp","href":"https:\/\/api.w.org\/{rel}","templated":true}]}}