{"id":151321,"date":"2021-08-30T16:39:00","date_gmt":"2021-08-30T14:39:00","guid":{"rendered":"https:\/\/www.casinowings.com\/se\/esport\/"},"modified":"2026-03-06T13:23:24","modified_gmt":"2026-03-06T12:23:24","slug":"esport","status":"publish","type":"page","link":"https:\/\/www.casinowings.com\/se\/bettingsidor\/esport\/","title":{"rendered":"Esport betting:Betta p\u00e5 esport 2025"},"content":{"rendered":"","protected":false},"excerpt":{"rendered":"","protected":false},"author":16,"featured_media":0,"parent":151320,"menu_order":0,"comment_status":"closed","ping_status":"closed","template":"","meta":{"_acf_changed":false,"_seopress_robots_primary_cat":"","_seopress_titles_title":"Esport betting 2025 - Din guide till att betta p\u00e5 esport","_seopress_titles_desc":"Din kompletta guide till esport betting: vi listar Sveriges b\u00e4sta esport betting sidor, ger grymma tips och all relevant information om att betta p\u00e5 esport.","_seopress_robots_index":"","footnotes":""},"acf":[],"_links":{"self":[{"href":"https:\/\/www.casinowings.com\/se\/wp-json\/wp\/v2\/pages\/151321"}],"collection":[{"href":"https:\/\/www.casinowings.com\/se\/wp-json\/wp\/v2\/pages"}],"about":[{"href":"https:\/\/www.casinowings.com\/se\/wp-json\/wp\/v2\/types\/page"}],"author":[{"embeddable":true,"href":"https:\/\/www.casinowings.com\/se\/wp-json\/wp\/v2\/users\/16"}],"replies":[{"embeddable":true,"href":"https:\/\/www.casinowings.com\/se\/wp-json\/wp\/v2\/comments?post=151321"}],"version-history":[{"count":3,"href":"https:\/\/www.casinowings.com\/se\/wp-json\/wp\/v2\/pages\/151321\/revisions"}],"predecessor-version":[{"id":151792,"href":"https:\/\/www.casinowings.com\/se\/wp-json\/wp\/v2\/pages\/151321\/revisions\/151792"}],"up":[{"embeddable":true,"href":"https:\/\/www.casinowings.com\/se\/wp-json\/wp\/v2\/pages\/151320"}],"wp:attachment":[{"href":"https:\/\/www.casinowings.com\/se\/wp-json\/wp\/v2\/media?parent=151321"}],"curies":[{"name":"wp","href":"https:\/\/api.w.org\/{rel}","templated":true}]}}